{"id":836,"date":"2025-10-18T20:46:30","date_gmt":"2025-10-18T17:46:30","guid":{"rendered":"https:\/\/hiezu.fi\/?page_id=836"},"modified":"2025-10-28T08:25:42","modified_gmt":"2025-10-28T06:25:42","slug":"poytavaraus","status":"publish","type":"page","link":"https:\/\/hiezu.fi\/en\/poytavaraus\/","title":{"rendered":"P\u00f6yt\u00e4varaus"},"content":{"rendered":"<div data-elementor-type=\"wp-page\" data-elementor-id=\"836\" class=\"elementor elementor-836\" data-elementor-post-type=\"page\">\n\t\t\t\t<div class=\"elementor-element elementor-element-12eb5cb e-flex e-con-boxed e-con e-parent\" data-id=\"12eb5cb\" data-element_type=\"container\" data-settings=\"{&quot;background_background&quot;:&quot;classic&quot;}\">\n\t\t\t\t\t<div class=\"e-con-inner\">\n\t\t<div class=\"elementor-element elementor-element-95643a9 e-con-full e-flex e-con e-child\" data-id=\"95643a9\" data-element_type=\"container\">\n\t\t\t\t<div class=\"elementor-element elementor-element-d529111 elementor-widget elementor-widget-text-editor\" data-id=\"d529111\" data-element_type=\"widget\" data-widget_type=\"text-editor.default\">\n\t\t\t\t\t\t\t\t\t<p>Voit varata p\u00f6yd\u00e4n helposti alla olevan varausj\u00e4rjestelm\u00e4n kautta, soittamalla meille tai l\u00e4hett\u00e4m\u00e4ll\u00e4 s\u00e4hk\u00f6postia. Suosittelemme tekem\u00e4\u00e4n p\u00f6yt\u00e4varauksen etuk\u00e4teen, jotta voimme varmistaa parhaan mahdollisen paikan toiveidesi mukaan.<\/p><p>Jos varauksesi koskee suurempaa ryhm\u00e4\u00e4 tai haluat j\u00e4rjest\u00e4\u00e4 yksityistilaisuuden, autamme mielell\u00e4mme kokonaisuuden suunnittelussa ja tarjoiluiden r\u00e4\u00e4t\u00e4l\u00f6inniss\u00e4.<\/p><p>Varauspuhelin: 050 552 2742<br \/>S\u00e4hk\u00f6posti: info@hiezu.fi<\/p><p>Tervetuloa nauttimaan Hiezun rennosta tunnelmasta ja maukkaasta ruoasta meren \u00e4\u00e4rell\u00e4.<\/p>\t\t\t\t\t\t\t\t<\/div>\n\t\t\t\t<\/div>\n\t\t<div class=\"elementor-element elementor-element-bc96aab e-con-full e-flex e-con e-child\" data-id=\"bc96aab\" data-element_type=\"container\">\n\t\t\t\t<div class=\"elementor-element elementor-element-f83b268 elementor-widget elementor-widget-image\" data-id=\"f83b268\" data-element_type=\"widget\" data-widget_type=\"image.default\">\n\t\t\t\t\t\t\t\t\t\t\t\t\t\t\t<img fetchpriority=\"high\" decoding=\"async\" width=\"472\" height=\"603\" src=\"https:\/\/hiezu.fi\/wp-content\/uploads\/2025\/10\/Hiezu-restaurant.png\" class=\"attachment-large size-large wp-image-223\" alt=\"\" srcset=\"https:\/\/hiezu.fi\/wp-content\/uploads\/2025\/10\/Hiezu-restaurant.png 472w, https:\/\/hiezu.fi\/wp-content\/uploads\/2025\/10\/Hiezu-restaurant-235x300.png 235w, https:\/\/hiezu.fi\/wp-content\/uploads\/2025\/10\/Hiezu-restaurant-9x12.png 9w\" sizes=\"(max-width: 472px) 100vw, 472px\" \/>\t\t\t\t\t\t\t\t\t\t\t\t\t\t\t<\/div>\n\t\t\t\t<\/div>\n\t\t\t\t\t<\/div>\n\t\t\t\t<\/div>\n\t\t<div class=\"elementor-element elementor-element-e1e7e94 e-flex e-con-boxed e-con e-parent\" data-id=\"e1e7e94\" data-element_type=\"container\">\n\t\t\t\t\t<div class=\"e-con-inner\">\n\t\t<div class=\"elementor-element elementor-element-f89fbaf e-con-full e-flex e-con e-child\" data-id=\"f89fbaf\" data-element_type=\"container\" data-settings=\"{&quot;background_background&quot;:&quot;classic&quot;}\">\n\t\t\t\t<div class=\"elementor-element elementor-element-d08c080 elementor-widget elementor-widget-html\" data-id=\"d08c080\" data-element_type=\"widget\" data-widget_type=\"html.default\">\n\t\t\t\t\t<iframe scrolling=\"yes\" frameborder=\"0\" src=\"https:\/\/www.quandoo.fi\/checkout-widget\/widget?agentId=2&amp;merchantId=96430&amp;primaryColor=1870C3&amp;theme=light&amp;widgetType=calendar\" style=\"max-width: 100%; height: 550px;\"><\/iframe>\t\t\t\t<\/div>\n\t\t\t\t<\/div>\n\t\t<div class=\"elementor-element elementor-element-dde4bd0 e-con-full e-flex e-con e-child\" data-id=\"dde4bd0\" data-element_type=\"container\">\n\t\t<div class=\"elementor-element elementor-element-f6510f9 e-con-full e-flex e-con e-child\" data-id=\"f6510f9\" data-element_type=\"container\">\n\t\t\t\t<div class=\"elementor-element elementor-element-f87baba elementor-widget elementor-widget-heading\" data-id=\"f87baba\" data-element_type=\"widget\" data-widget_type=\"heading.default\">\n\t\t\t\t\t<h2 class=\"elementor-heading-title elementor-size-default\">Cafe &amp; Bistro Hiezu<\/h2>\t\t\t\t<\/div>\n\t\t\t\t<div class=\"elementor-element elementor-element-af3b194 elementor-icon-list--layout-traditional elementor-list-item-link-full_width elementor-widget elementor-widget-icon-list\" data-id=\"af3b194\" data-element_type=\"widget\" data-widget_type=\"icon-list.default\">\n\t\t\t\t\t\t\t<ul class=\"elementor-icon-list-items\">\n\t\t\t\t\t\t\t<li class=\"elementor-icon-list-item\">\n\t\t\t\t\t\t\t\t\t\t\t<span class=\"elementor-icon-list-icon\">\n\t\t\t\t\t\t\t<svg aria-hidden=\"true\" class=\"e-font-icon-svg e-fas-map-marker-alt\" viewbox=\"0 0 384 512\" xmlns=\"http:\/\/www.w3.org\/2000\/svg\"><path d=\"M172.268 501.67C26.97 291.031 0 269.413 0 192 0 85.961 85.961 0 192 0s192 85.961 192 192c0 77.413-26.97 99.031-172.268 309.67-9.535 13.774-29.93 13.773-39.464 0zM192 272c44.183 0 80-35.817 80-80s-35.817-80-80-80-80 35.817-80 80 35.817 80 80 80z\"><\/path><\/svg>\t\t\t\t\t\t<\/span>\n\t\t\t\t\t\t\t\t\t\t<span class=\"elementor-icon-list-text\">Hiekkarannantie 11, 00100 Helsinki<\/span>\n\t\t\t\t\t\t\t\t\t<\/li>\n\t\t\t\t\t\t\t\t<li class=\"elementor-icon-list-item\">\n\t\t\t\t\t\t\t\t\t\t\t<a href=\"mailto:info@hiezu.fi\">\n\n\t\t\t\t\t\t\t\t\t\t\t\t<span class=\"elementor-icon-list-icon\">\n\t\t\t\t\t\t\t<svg aria-hidden=\"true\" class=\"e-font-icon-svg e-far-envelope\" viewbox=\"0 0 512 512\" xmlns=\"http:\/\/www.w3.org\/2000\/svg\"><path d=\"M464 64H48C21.49 64 0 85.49 0 112v288c0 26.51 21.49 48 48 48h416c26.51 0 48-21.49 48-48V112c0-26.51-21.49-48-48-48zm0 48v40.805c-22.422 18.259-58.168 46.651-134.587 106.49-16.841 13.247-50.201 45.072-73.413 44.701-23.208.375-56.579-31.459-73.413-44.701C106.18 199.465 70.425 171.067 48 152.805V112h416zM48 400V214.398c22.914 18.251 55.409 43.862 104.938 82.646 21.857 17.205 60.134 55.186 103.062 54.955 42.717.231 80.509-37.199 103.053-54.947 49.528-38.783 82.032-64.401 104.947-82.653V400H48z\"><\/path><\/svg>\t\t\t\t\t\t<\/span>\n\t\t\t\t\t\t\t\t\t\t<span class=\"elementor-icon-list-text\">info@hiezu.fi<\/span>\n\t\t\t\t\t\t\t\t\t\t\t<\/a>\n\t\t\t\t\t\t\t\t\t<\/li>\n\t\t\t\t\t\t\t\t<li class=\"elementor-icon-list-item\">\n\t\t\t\t\t\t\t\t\t\t\t<a href=\"tel:0505522742\">\n\n\t\t\t\t\t\t\t\t\t\t\t\t<span class=\"elementor-icon-list-icon\">\n\t\t\t\t\t\t\t<svg aria-hidden=\"true\" class=\"e-font-icon-svg e-fas-phone-alt\" viewbox=\"0 0 512 512\" xmlns=\"http:\/\/www.w3.org\/2000\/svg\"><path d=\"M497.39 361.8l-112-48a24 24 0 0 0-28 6.9l-49.6 60.6A370.66 370.66 0 0 1 130.6 204.11l60.6-49.6a23.94 23.94 0 0 0 6.9-28l-48-112A24.16 24.16 0 0 0 122.6.61l-104 24A24 24 0 0 0 0 48c0 256.5 207.9 464 464 464a24 24 0 0 0 23.4-18.6l24-104a24.29 24.29 0 0 0-14.01-27.6z\"><\/path><\/svg>\t\t\t\t\t\t<\/span>\n\t\t\t\t\t\t\t\t\t\t<span class=\"elementor-icon-list-text\">050 552 2742<\/span>\n\t\t\t\t\t\t\t\t\t\t\t<\/a>\n\t\t\t\t\t\t\t\t\t<\/li>\n\t\t\t\t\t\t<\/ul>\n\t\t\t\t\t\t<\/div>\n\t\t\t\t<\/div>\n\t\t<div class=\"elementor-element elementor-element-f248574 e-con-full e-flex e-con e-child\" data-id=\"f248574\" data-element_type=\"container\">\n\t\t\t\t<div class=\"elementor-element elementor-element-f2717d5 elementor-widget elementor-widget-heading\" data-id=\"f2717d5\" data-element_type=\"widget\" data-widget_type=\"heading.default\">\n\t\t\t\t\t<h2 class=\"elementor-heading-title elementor-size-default\">Opening hours<\/h2>\t\t\t\t<\/div>\n\t\t\t\t<div class=\"elementor-element elementor-element-b7d75b6 elementor-icon-list--layout-traditional elementor-list-item-link-full_width elementor-widget elementor-widget-icon-list\" data-id=\"b7d75b6\" data-element_type=\"widget\" data-widget_type=\"icon-list.default\">\n\t\t\t\t\t\t\t<ul class=\"elementor-icon-list-items\">\n\t\t\t\t\t\t\t<li class=\"elementor-icon-list-item\">\n\t\t\t\t\t\t\t\t\t\t<span class=\"elementor-icon-list-text\">Mon \u2013 Tue Closed<\/span>\n\t\t\t\t\t\t\t\t\t<\/li>\n\t\t\t\t\t\t\t\t<li class=\"elementor-icon-list-item\">\n\t\t\t\t\t\t\t\t\t\t<span class=\"elementor-icon-list-text\">Wed \u2013 Fri 12:00 \u2013 18:00<\/span>\n\t\t\t\t\t\t\t\t\t<\/li>\n\t\t\t\t\t\t\t\t<li class=\"elementor-icon-list-item\">\n\t\t\t\t\t\t\t\t\t\t<span class=\"elementor-icon-list-text\">Sat \u2013 Sun 11:00 \u2013 18:00<\/span>\n\t\t\t\t\t\t\t\t\t<\/li>\n\t\t\t\t\t\t<\/ul>\n\t\t\t\t\t\t<\/div>\n\t\t\t\t<\/div>\n\t\t\t\t<div class=\"elementor-element elementor-element-354b30e elementor-widget elementor-widget-google_maps\" data-id=\"354b30e\" data-element_type=\"widget\" data-widget_type=\"google_maps.default\">\n\t\t\t\t\t\t\t<div class=\"elementor-custom-embed\">\n\t\t\t<iframe loading=\"lazy\"\n\t\t\t\t\tsrc=\"https:\/\/maps.google.com\/maps?q=Hiekkarannantie%2011%2C%2000100%20Helsinki&#038;t=m&#038;z=17&#038;output=embed&#038;iwloc=near\"\n\t\t\t\t\ttitle=\"Hiekkarannantie 11, 00100 Helsinki\"\n\t\t\t\t\taria-label=\"Hiekkarannantie 11, 00100 Helsinki\"\n\t\t\t><\/iframe>\n\t\t<\/div>\n\t\t\t\t\t\t<\/div>\n\t\t\t\t<\/div>\n\t\t\t\t\t<\/div>\n\t\t\t\t<\/div>\n\t\t\t\t<\/div>","protected":false},"excerpt":{"rendered":"<p>Voit varata p\u00f6yd\u00e4n helposti alla olevan varausj\u00e4rjestelm\u00e4n kautta, soittamalla meille tai l\u00e4hett\u00e4m\u00e4ll\u00e4 s\u00e4hk\u00f6postia. Suosittelemme tekem\u00e4\u00e4n p\u00f6yt\u00e4varauksen etuk\u00e4teen, jotta voimme varmistaa parhaan mahdollisen paikan toiveidesi mukaan. Jos varauksesi koskee suurempaa ryhm\u00e4\u00e4 tai haluat j\u00e4rjest\u00e4\u00e4 yksityistilaisuuden, autamme mielell\u00e4mme kokonaisuuden suunnittelussa ja tarjoiluiden r\u00e4\u00e4t\u00e4l\u00f6inniss\u00e4. Varauspuhelin: 050 552 2742S\u00e4hk\u00f6posti: info@hiezu.fi Tervetuloa nauttimaan Hiezun rennosta tunnelmasta ja maukkaasta ruoasta meren [&hellip;]<\/p>","protected":false},"author":1,"featured_media":0,"parent":0,"menu_order":0,"comment_status":"closed","ping_status":"closed","template":"","meta":{"footnotes":""},"class_list":["post-836","page","type-page","status-publish","hentry"],"_links":{"self":[{"href":"https:\/\/hiezu.fi\/en\/wp-json\/wp\/v2\/pages\/836","targetHints":{"allow":["GET"]}}],"collection":[{"href":"https:\/\/hiezu.fi\/en\/wp-json\/wp\/v2\/pages"}],"about":[{"href":"https:\/\/hiezu.fi\/en\/wp-json\/wp\/v2\/types\/page"}],"author":[{"embeddable":true,"href":"https:\/\/hiezu.fi\/en\/wp-json\/wp\/v2\/users\/1"}],"replies":[{"embeddable":true,"href":"https:\/\/hiezu.fi\/en\/wp-json\/wp\/v2\/comments?post=836"}],"version-history":[{"count":0,"href":"https:\/\/hiezu.fi\/en\/wp-json\/wp\/v2\/pages\/836\/revisions"}],"wp:attachment":[{"href":"https:\/\/hiezu.fi\/en\/wp-json\/wp\/v2\/media?parent=836"}],"curies":[{"name":"wp","href":"https:\/\/api.w.org\/{rel}","templated":true}]}}