{"id":62,"date":"2025-10-17T15:45:42","date_gmt":"2025-10-17T12:45:42","guid":{"rendered":"https:\/\/hiezu.fi\/?page_id=62"},"modified":"2026-05-03T14:42:53","modified_gmt":"2026-05-03T11:42:53","slug":"juhlatilaisuudet","status":"publish","type":"page","link":"https:\/\/hiezu.fi\/en\/juhlatilaisuudet\/","title":{"rendered":"Celebration events"},"content":{"rendered":"<div data-elementor-type=\"wp-page\" data-elementor-id=\"62\" class=\"elementor elementor-62\" data-elementor-post-type=\"page\">\n\t\t\t\t<div class=\"elementor-element elementor-element-586581a e-flex e-con-boxed e-con e-parent\" data-id=\"586581a\" data-element_type=\"container\" data-settings=\"{&quot;background_background&quot;:&quot;classic&quot;}\">\n\t\t\t\t\t<div class=\"e-con-inner\">\n\t\t<div class=\"elementor-element elementor-element-66da2df e-con-full e-flex e-con e-child\" data-id=\"66da2df\" data-element_type=\"container\">\n\t\t\t\t<div class=\"elementor-element elementor-element-8271df7 elementor-widget elementor-widget-heading\" data-id=\"8271df7\" data-element_type=\"widget\" data-widget_type=\"heading.default\">\n\t\t\t\t\t<h1 class=\"elementor-heading-title elementor-size-default\">Tunnelmalliset juhlat merin\u00e4k\u00f6alalla<\/h1>\t\t\t\t<\/div>\n\t\t\t\t<div class=\"elementor-element elementor-element-a657c68 elementor-widget elementor-widget-text-editor\" data-id=\"a657c68\" data-element_type=\"widget\" data-widget_type=\"text-editor.default\">\n\t\t\t\t\t\t\t\t\t<p>Cafe &amp; Bistro Hiezu offers inspiring settings for hosting celebrations and events all year round.<br \/>Ravintolasta l\u00f6ytyy\u00a0 esitystekniikka (n\u00e4ytt\u00f6, \u00e4\u00e4nentoisto, mikrofoni), muunneltavat tilat erikokoisille seurueille sek\u00e4 oma keitti\u00f6, joka vastaa kaikista tarjoiluista tuoreista raaka-aineista. Ammattitaitoinen henkil\u00f6kunta huolehtii kattauksista, tarjoilusta ja juhlien sujuvuudesta alusta loppuun.<\/p><p>Alhaalla lis\u00e4tietoa moelmmista saleistamme.\u00a0<\/p>\t\t\t\t\t\t\t\t<\/div>\n\t\t\t\t<div class=\"elementor-element elementor-element-79e128b elementor-widget elementor-widget-button\" data-id=\"79e128b\" data-element_type=\"widget\" data-widget_type=\"button.default\">\n\t\t\t\t\t\t\t\t\t\t<a class=\"elementor-button elementor-button-link elementor-size-sm\" href=\"https:\/\/hiezu.fi\/en\/ota-yhteytta\/\">\n\t\t\t\t\t\t<span class=\"elementor-button-content-wrapper\">\n\t\t\t\t\t\t\t\t\t<span class=\"elementor-button-text\">Request a quote for your event<\/span>\n\t\t\t\t\t<\/span>\n\t\t\t\t\t<\/a>\n\t\t\t\t\t\t\t\t<\/div>\n\t\t\t\t<\/div>\n\t\t<div class=\"elementor-element elementor-element-40477f3 e-con-full e-flex e-con e-child\" data-id=\"40477f3\" data-element_type=\"container\">\n\t\t\t\t<div class=\"elementor-element elementor-element-5e27a8c elementor-widget elementor-widget-image\" data-id=\"5e27a8c\" data-element_type=\"widget\" data-widget_type=\"image.default\">\n\t\t\t\t\t\t\t\t\t\t\t\t\t\t\t<img decoding=\"async\" src=\"https:\/\/hiezu.fi\/wp-content\/uploads\/2026\/05\/iso-sali-cocktail.jpg\" title=\"iso sali cocktail\" alt=\"iso sali cocktail\" loading=\"lazy\" \/>\t\t\t\t\t\t\t\t\t\t\t\t\t\t\t<\/div>\n\t\t\t\t<\/div>\n\t\t\t\t\t<\/div>\n\t\t\t\t<\/div>\n\t\t<div class=\"elementor-element elementor-element-c4a639c e-flex e-con-boxed e-con e-parent\" data-id=\"c4a639c\" data-element_type=\"container\">\n\t\t\t\t\t<div class=\"e-con-inner\">\n\t\t<div class=\"elementor-element elementor-element-dfcc8e2 e-con-full e-flex e-con e-child\" data-id=\"dfcc8e2\" data-element_type=\"container\">\n\t\t\t\t<div class=\"elementor-element elementor-element-8aafc0a elementor-widget elementor-widget-image\" data-id=\"8aafc0a\" data-element_type=\"widget\" data-widget_type=\"image.default\">\n\t\t\t\t\t\t\t\t\t\t\t\t\t\t\t<img fetchpriority=\"high\" decoding=\"async\" width=\"768\" height=\"1024\" src=\"https:\/\/hiezu.fi\/wp-content\/uploads\/2026\/05\/iso-sali--768x1024.jpg\" class=\"attachment-large size-large wp-image-2324\" alt=\"\" srcset=\"https:\/\/hiezu.fi\/wp-content\/uploads\/2026\/05\/iso-sali--768x1024.jpg 768w, https:\/\/hiezu.fi\/wp-content\/uploads\/2026\/05\/iso-sali--225x300.jpg 225w, https:\/\/hiezu.fi\/wp-content\/uploads\/2026\/05\/iso-sali--1152x1536.jpg 1152w, https:\/\/hiezu.fi\/wp-content\/uploads\/2026\/05\/iso-sali--1536x2048.jpg 1536w, https:\/\/hiezu.fi\/wp-content\/uploads\/2026\/05\/iso-sali--9x12.jpg 9w, https:\/\/hiezu.fi\/wp-content\/uploads\/2026\/05\/iso-sali--scaled.jpg 1920w\" sizes=\"(max-width: 768px) 100vw, 768px\" \/>\t\t\t\t\t\t\t\t\t\t\t\t\t\t\t<\/div>\n\t\t\t\t<\/div>\n\t\t<div class=\"elementor-element elementor-element-551fc5b e-con-full e-flex e-con e-child\" data-id=\"551fc5b\" data-element_type=\"container\">\n\t\t\t\t<div class=\"elementor-element elementor-element-cb8f9ab elementor-widget elementor-widget-heading\" data-id=\"cb8f9ab\" data-element_type=\"widget\" data-widget_type=\"heading.default\">\n\t\t\t\t\t<h2 class=\"elementor-heading-title elementor-size-default\">Katamaraani \u2013 Iso juhlasali<\/h2>\t\t\t\t<\/div>\n\t\t\t\t<div class=\"elementor-element elementor-element-ae8fb44 elementor-widget elementor-widget-button\" data-id=\"ae8fb44\" data-element_type=\"widget\" data-widget_type=\"button.default\">\n\t\t\t\t\t\t\t\t\t\t<a class=\"elementor-button elementor-button-link elementor-size-sm\" href=\"https:\/\/hiezu.fi\/en\/ota-yhteytta\/\">\n\t\t\t\t\t\t<span class=\"elementor-button-content-wrapper\">\n\t\t\t\t\t\t\t\t\t<span class=\"elementor-button-text\"> Request a quote for the event hall<\/span>\n\t\t\t\t\t<\/span>\n\t\t\t\t\t<\/a>\n\t\t\t\t\t\t\t\t<\/div>\n\t\t\t\t<div class=\"elementor-element elementor-element-06dc3b3 elementor-widget elementor-widget-text-editor\" data-id=\"06dc3b3\" data-element_type=\"widget\" data-widget_type=\"text-editor.default\">\n\t\t\t\t\t\t\t\t\t<p data-start=\"972\" data-end=\"1196\">The restaurant\u2019s larger hall, the Catamaran Hall, provides a stunning setting for bigger celebrations. Large windows let in plenty of natural light and offer beautiful sea views \u2013 creating a unique atmosphere all year round.<\/p><p data-start=\"1198\" data-end=\"1360\">The hall\u2019s table arrangements can be customized to suit the nature and wishes of your event. The Catamaran Hall is suitable for both seated dinners and cocktail gatherings.<\/p><h3><strong>Tilatiedot<\/strong><\/h3><ul><li data-start=\"1380\" data-end=\"1415\"><p data-start=\"1382\" data-end=\"1415\">Kapasiteetti: 80 hl\u00f6, isommissa tilaisuuksissa yhdist\u00e4mme kabinetin tilaan jolloin istuen mahtuu 120, seisten 150 henke\u00e4<\/p><\/li><li data-start=\"1416\" data-end=\"1446\">Flexible table arrangements available<\/li><li data-start=\"1416\" data-end=\"1446\">Tilaisuuksiin kuuluu p\u00f6yt\u00e4liinat, kukat, cocktailp\u00f6yd\u00e4t, loppusiivous, henkil\u00f6kunta jne.<\/li><\/ul><h3><strong>Tilan varaus<\/strong><\/h3><ul data-start=\"1380\" data-end=\"1554\"><li data-start=\"1416\" data-end=\"1446\">Toimii myyntitakuulla<\/li><li data-start=\"1416\" data-end=\"1446\">Hinta vaihtelee:<\/li><\/ul><p>-Kes\u00e4 \/ talvi sesonki<br \/>-Viikonloppu \/ arkip\u00e4iv\u00e4<br \/>-Iso sali alueena \/ koko ravintola yksityistilaisuus<\/p><p>Kysy tarjous helposti puhelimitse tai s-postitse.<\/p>\t\t\t\t\t\t\t\t<\/div>\n\t\t\t\t<\/div>\n\t\t\t\t\t<\/div>\n\t\t\t\t<\/div>\n\t\t<div class=\"elementor-element elementor-element-03a152d e-flex e-con-boxed e-con e-parent\" data-id=\"03a152d\" data-element_type=\"container\" data-settings=\"{&quot;background_background&quot;:&quot;classic&quot;}\">\n\t\t\t\t\t<div class=\"e-con-inner\">\n\t\t<div class=\"elementor-element elementor-element-4137edc e-con-full e-flex e-con e-child\" data-id=\"4137edc\" data-element_type=\"container\">\n\t\t\t\t<div class=\"elementor-element elementor-element-f2365d6 elementor-widget elementor-widget-heading\" data-id=\"f2365d6\" data-element_type=\"widget\" data-widget_type=\"heading.default\">\n\t\t\t\t\t<h2 class=\"elementor-heading-title elementor-size-default\">Sea Cabinet \u2013 Cozy smaller space<\/h2>\t\t\t\t<\/div>\n\t\t\t\t<div class=\"elementor-element elementor-element-114aff4 elementor-widget elementor-widget-text-editor\" data-id=\"114aff4\" data-element_type=\"widget\" data-widget_type=\"text-editor.default\">\n\t\t\t\t\t\t\t\t\t<p data-start=\"1657\" data-end=\"1912\">Merikabinetti sopii t\u00e4ydellisesti pienempiin juhliin kuten muistotilaisuuksiin,\u00a0 syntym\u00e4p\u00e4iviin, rippijuhliin, nimi\u00e4isiin, sek\u00e4 kokouksiin.<\/p><p data-start=\"2032\" data-end=\"2049\"><strong data-start=\"2032\" data-end=\"2047\">Venue details:<\/strong><\/p><ul data-start=\"2050\" data-end=\"2182\"><li data-start=\"2050\" data-end=\"2111\"><p data-start=\"2052\" data-end=\"2111\">Kapasiteetti: 30 henkil\u00f6\u00e4 \/ laajennettavissa 36 henkil\u00f6\u00f6n sermeill\u00e4. T\u00e4ll\u00f6in ei t\u00e4ysin \u00e4\u00e4nieristetty.<\/p><\/li><li data-start=\"2112\" data-end=\"2127\"><p data-start=\"2114\" data-end=\"2127\">Sea view<\/p><\/li><li data-start=\"2112\" data-end=\"2127\">Tilaan on oma sis\u00e4\u00e4nk\u00e4ynti ja pikku terassi.<\/li><li data-start=\"2128\" data-end=\"2182\"><p data-start=\"2130\" data-end=\"2182\">Tilaan sis\u00e4ltyy kattaukset, valkoiset p\u00f6yt\u00e4liinat, ravintolan p\u00e4ivitt\u00e4iskukkia p\u00f6ytiin sek\u00e4 tarjoiluhenkil\u00f6kunta<\/p><\/li><\/ul><p data-start=\"2184\" data-end=\"2209\"><strong data-start=\"2184\" data-end=\"2207\">Rental and pricing:<\/strong><\/p><ul data-start=\"2210\" data-end=\"2319\"><li data-start=\"2210\" data-end=\"2242\"><p data-start=\"2212\" data-end=\"2242\">Minimum sales guarantee: <strong data-start=\"2225\" data-end=\"2240\">500 \u20ac \/ 3 h<\/strong><\/p><\/li><li>Additional hour: <strong data-start=\"2304\" data-end=\"2317\">100 \u20ac \/ h<\/strong><\/li><li data-start=\"2243\" data-end=\"2290\"><p data-start=\"2245\" data-end=\"2290\">Full-day event (8:00 AM \u2013 4:00 PM): <strong data-start=\"2279\" data-end=\"2288\">800 \u20ac<\/strong><\/p><\/li><\/ul><p data-start=\"2321\" data-end=\"2434\"><strong>Minimum sales guarantee:<\/strong> Emme peri erikseen tilasta vuokraa, mik\u00e4li myynnit t\u00e4ytt\u00e4v\u00e4t myyntitakuun. Alle j\u00e4\u00e4nyt loppusumma veloitetaan erotuksella tilavuokrana.<\/p>\t\t\t\t\t\t\t\t<\/div>\n\t\t\t\t<div class=\"elementor-element elementor-element-9d12bef elementor-widget elementor-widget-button\" data-id=\"9d12bef\" data-element_type=\"widget\" data-widget_type=\"button.default\">\n\t\t\t\t\t\t\t\t\t\t<a class=\"elementor-button elementor-button-link elementor-size-sm\" href=\"#\">\n\t\t\t\t\t\t<span class=\"elementor-button-content-wrapper\">\n\t\t\t\t\t\t\t\t\t<span class=\"elementor-button-text\">Reserve the Sea Cabinet tentatively<\/span>\n\t\t\t\t\t<\/span>\n\t\t\t\t\t<\/a>\n\t\t\t\t\t\t\t\t<\/div>\n\t\t\t\t<div class=\"elementor-element elementor-element-690fb97 elementor-widget elementor-widget-button\" data-id=\"690fb97\" data-element_type=\"widget\" data-widget_type=\"button.default\">\n\t\t\t\t\t\t\t\t\t\t<a class=\"elementor-button elementor-button-link elementor-size-sm\" href=\"#\">\n\t\t\t\t\t\t<span class=\"elementor-button-content-wrapper\">\n\t\t\t\t\t\t\t\t\t<span class=\"elementor-button-text\"> Also explore our other venues<\/span>\n\t\t\t\t\t<\/span>\n\t\t\t\t\t<\/a>\n\t\t\t\t\t\t\t\t<\/div>\n\t\t\t\t<\/div>\n\t\t<div class=\"elementor-element elementor-element-4162479 e-con-full e-flex e-con e-child\" data-id=\"4162479\" data-element_type=\"container\">\n\t\t\t\t<div class=\"elementor-element elementor-element-70c3615 elementor-widget elementor-widget-image\" data-id=\"70c3615\" data-element_type=\"widget\" data-widget_type=\"image.default\">\n\t\t\t\t\t\t\t\t\t\t\t\t\t\t\t<img decoding=\"async\" width=\"768\" height=\"1024\" src=\"https:\/\/hiezu.fi\/wp-content\/uploads\/2026\/05\/kabinetti--768x1024.jpg\" class=\"attachment-large size-large wp-image-2333\" alt=\"\" srcset=\"https:\/\/hiezu.fi\/wp-content\/uploads\/2026\/05\/kabinetti--768x1024.jpg 768w, https:\/\/hiezu.fi\/wp-content\/uploads\/2026\/05\/kabinetti--225x300.jpg 225w, https:\/\/hiezu.fi\/wp-content\/uploads\/2026\/05\/kabinetti--1152x1536.jpg 1152w, https:\/\/hiezu.fi\/wp-content\/uploads\/2026\/05\/kabinetti--1536x2048.jpg 1536w, https:\/\/hiezu.fi\/wp-content\/uploads\/2026\/05\/kabinetti--9x12.jpg 9w, https:\/\/hiezu.fi\/wp-content\/uploads\/2026\/05\/kabinetti--scaled.jpg 1920w\" sizes=\"(max-width: 768px) 100vw, 768px\" \/>\t\t\t\t\t\t\t\t\t\t\t\t\t\t\t<\/div>\n\t\t\t\t<\/div>\n\t\t\t\t\t<\/div>\n\t\t\t\t<\/div>\n\t\t<div class=\"elementor-element elementor-element-18299a5 e-flex e-con-boxed e-con e-parent\" data-id=\"18299a5\" data-element_type=\"container\">\n\t\t\t\t\t<div class=\"e-con-inner\">\n\t\t<div class=\"elementor-element elementor-element-d8d3bcf e-con-full e-flex e-con e-child\" data-id=\"d8d3bcf\" data-element_type=\"container\">\n\t\t\t\t<div class=\"elementor-element elementor-element-62ba354 elementor-widget elementor-widget-image\" data-id=\"62ba354\" data-element_type=\"widget\" data-widget_type=\"image.default\">\n\t\t\t\t\t\t\t\t\t\t\t\t\t\t\t<img decoding=\"async\" width=\"768\" height=\"1024\" src=\"https:\/\/hiezu.fi\/wp-content\/uploads\/2026\/05\/IMG_4098-768x1024.jpg\" class=\"attachment-large size-large wp-image-2335\" alt=\"\" srcset=\"https:\/\/hiezu.fi\/wp-content\/uploads\/2026\/05\/IMG_4098-768x1024.jpg 768w, https:\/\/hiezu.fi\/wp-content\/uploads\/2026\/05\/IMG_4098-225x300.jpg 225w, https:\/\/hiezu.fi\/wp-content\/uploads\/2026\/05\/IMG_4098-1152x1536.jpg 1152w, https:\/\/hiezu.fi\/wp-content\/uploads\/2026\/05\/IMG_4098-1536x2048.jpg 1536w, https:\/\/hiezu.fi\/wp-content\/uploads\/2026\/05\/IMG_4098-9x12.jpg 9w, https:\/\/hiezu.fi\/wp-content\/uploads\/2026\/05\/IMG_4098-scaled.jpg 1920w\" sizes=\"(max-width: 768px) 100vw, 768px\" \/>\t\t\t\t\t\t\t\t\t\t\t\t\t\t\t<\/div>\n\t\t\t\t<\/div>\n\t\t<div class=\"elementor-element elementor-element-ec2db8a e-con-full e-flex e-con e-child\" data-id=\"ec2db8a\" data-element_type=\"container\">\n\t\t\t\t<div class=\"elementor-element elementor-element-98b2c42 elementor-widget elementor-widget-heading\" data-id=\"98b2c42\" data-element_type=\"widget\" data-widget_type=\"heading.default\">\n\t\t\t\t\t<h2 class=\"elementor-heading-title elementor-size-default\">Reservations and cancellation policy<\/h2>\t\t\t\t<\/div>\n\t\t\t\t<div class=\"elementor-element elementor-element-290f06b elementor-widget elementor-widget-text-editor\" data-id=\"290f06b\" data-element_type=\"widget\" data-widget_type=\"text-editor.default\">\n\t\t\t\t\t\t\t\t\t<p data-start=\"3375\" data-end=\"3530\">We are happy to make a tentative reservation for our venues \u2013 with no commitment or costs.<br data-start=\"3461\" data-end=\"3464\" \/>A tentative reservation is valid for two weeks after the venue tour.<\/p><p data-start=\"3532\" data-end=\"3552\"><strong data-start=\"3532\" data-end=\"3550\">Cancellation policy:<\/strong><\/p><ul data-start=\"3553\" data-end=\"3728\"><li data-start=\"3553\" data-end=\"3613\"><p data-start=\"3555\" data-end=\"3613\">Cancellation at least 30 days before the event: no charge<\/p><\/li><li data-start=\"3614\" data-end=\"3669\"><p data-start=\"3616\" data-end=\"3669\">29\u201314 days before the event: 50% of the order value<\/p><\/li><li data-start=\"3670\" data-end=\"3728\"><p data-start=\"3672\" data-end=\"3728\">Less than 14 days before the event: 100% of the order value<\/p><\/li><\/ul>\t\t\t\t\t\t\t\t<\/div>\n\t\t\t\t<div class=\"elementor-element elementor-element-f412e48 elementor-widget elementor-widget-button\" data-id=\"f412e48\" data-element_type=\"widget\" data-widget_type=\"button.default\">\n\t\t\t\t\t\t\t\t\t\t<a class=\"elementor-button elementor-button-link elementor-size-sm\" href=\"https:\/\/hiezu.fi\/en\/poytavaraus\/\">\n\t\t\t\t\t\t<span class=\"elementor-button-content-wrapper\">\n\t\t\t\t\t\t\t\t\t<span class=\"elementor-button-text\">Fill out the reservation form<\/span>\n\t\t\t\t\t<\/span>\n\t\t\t\t\t<\/a>\n\t\t\t\t\t\t\t\t<\/div>\n\t\t\t\t<div class=\"elementor-element elementor-element-860c032 elementor-list-item-link-inline elementor-icon-list--layout-traditional elementor-widget elementor-widget-icon-list\" data-id=\"860c032\" data-element_type=\"widget\" data-widget_type=\"icon-list.default\">\n\t\t\t\t\t\t\t<ul class=\"elementor-icon-list-items\">\n\t\t\t\t\t\t\t<li class=\"elementor-icon-list-item\">\n\t\t\t\t\t\t\t\t\t\t\t<a href=\"tel:0505522742\">\n\n\t\t\t\t\t\t\t\t\t\t\t\t<span class=\"elementor-icon-list-icon\">\n\t\t\t\t\t\t\t<svg aria-hidden=\"true\" class=\"e-font-icon-svg e-fas-phone-alt\" viewbox=\"0 0 512 512\" xmlns=\"http:\/\/www.w3.org\/2000\/svg\"><path d=\"M497.39 361.8l-112-48a24 24 0 0 0-28 6.9l-49.6 60.6A370.66 370.66 0 0 1 130.6 204.11l60.6-49.6a23.94 23.94 0 0 0 6.9-28l-48-112A24.16 24.16 0 0 0 122.6.61l-104 24A24 24 0 0 0 0 48c0 256.5 207.9 464 464 464a24 24 0 0 0 23.4-18.6l24-104a24.29 24.29 0 0 0-14.01-27.6z\"><\/path><\/svg>\t\t\t\t\t\t<\/span>\n\t\t\t\t\t\t\t\t\t\t<span class=\"elementor-icon-list-text\">050 552 2742<\/span>\n\t\t\t\t\t\t\t\t\t\t\t<\/a>\n\t\t\t\t\t\t\t\t\t<\/li>\n\t\t\t\t\t\t\t\t<li class=\"elementor-icon-list-item\">\n\t\t\t\t\t\t\t\t\t\t\t<a href=\"mailto:info@hiezu.fi\">\n\n\t\t\t\t\t\t\t\t\t\t\t\t<span class=\"elementor-icon-list-icon\">\n\t\t\t\t\t\t\t<svg aria-hidden=\"true\" class=\"e-font-icon-svg e-far-envelope\" viewbox=\"0 0 512 512\" xmlns=\"http:\/\/www.w3.org\/2000\/svg\"><path d=\"M464 64H48C21.49 64 0 85.49 0 112v288c0 26.51 21.49 48 48 48h416c26.51 0 48-21.49 48-48V112c0-26.51-21.49-48-48-48zm0 48v40.805c-22.422 18.259-58.168 46.651-134.587 106.49-16.841 13.247-50.201 45.072-73.413 44.701-23.208.375-56.579-31.459-73.413-44.701C106.18 199.465 70.425 171.067 48 152.805V112h416zM48 400V214.398c22.914 18.251 55.409 43.862 104.938 82.646 21.857 17.205 60.134 55.186 103.062 54.955 42.717.231 80.509-37.199 103.053-54.947 49.528-38.783 82.032-64.401 104.947-82.653V400H48z\"><\/path><\/svg>\t\t\t\t\t\t<\/span>\n\t\t\t\t\t\t\t\t\t\t<span class=\"elementor-icon-list-text\">info@hiezu.fi<\/span>\n\t\t\t\t\t\t\t\t\t\t\t<\/a>\n\t\t\t\t\t\t\t\t\t<\/li>\n\t\t\t\t\t\t<\/ul>\n\t\t\t\t\t\t<\/div>\n\t\t\t\t<\/div>\n\t\t\t\t\t<\/div>\n\t\t\t\t<\/div>\n\t\t\t\t<\/div>","protected":false},"excerpt":{"rendered":"<p>Tunnelmalliset juhlat merin\u00e4k\u00f6alalla Cafe &amp; Bistro Hiezu tarjoaa inspiroivat puitteet juhlien ja tilaisuuksien j\u00e4rjest\u00e4miseen ymp\u00e4ri vuoden.Ravintolasta l\u00f6ytyy\u00a0 esitystekniikka (n\u00e4ytt\u00f6, \u00e4\u00e4nentoisto, mikrofoni), muunneltavat tilat erikokoisille seurueille sek\u00e4 oma keitti\u00f6, joka vastaa kaikista tarjoiluista tuoreista raaka-aineista. Ammattitaitoinen henkil\u00f6kunta huolehtii kattauksista, tarjoilusta ja juhlien sujuvuudesta alusta loppuun. Alhaalla lis\u00e4tietoa moelmmista saleistamme.\u00a0 Pyyd\u00e4 tarjous juhlastasi Katamaraani \u2013 Iso juhlasali [&hellip;]<\/p>","protected":false},"author":1,"featured_media":0,"parent":0,"menu_order":0,"comment_status":"closed","ping_status":"closed","template":"","meta":{"footnotes":""},"class_list":["post-62","page","type-page","status-publish","hentry"],"_links":{"self":[{"href":"https:\/\/hiezu.fi\/en\/wp-json\/wp\/v2\/pages\/62","targetHints":{"allow":["GET"]}}],"collection":[{"href":"https:\/\/hiezu.fi\/en\/wp-json\/wp\/v2\/pages"}],"about":[{"href":"https:\/\/hiezu.fi\/en\/wp-json\/wp\/v2\/types\/page"}],"author":[{"embeddable":true,"href":"https:\/\/hiezu.fi\/en\/wp-json\/wp\/v2\/users\/1"}],"replies":[{"embeddable":true,"href":"https:\/\/hiezu.fi\/en\/wp-json\/wp\/v2\/comments?post=62"}],"version-history":[{"count":12,"href":"https:\/\/hiezu.fi\/en\/wp-json\/wp\/v2\/pages\/62\/revisions"}],"predecessor-version":[{"id":2354,"href":"https:\/\/hiezu.fi\/en\/wp-json\/wp\/v2\/pages\/62\/revisions\/2354"}],"wp:attachment":[{"href":"https:\/\/hiezu.fi\/en\/wp-json\/wp\/v2\/media?parent=62"}],"curies":[{"name":"wp","href":"https:\/\/api.w.org\/{rel}","templated":true}]}}