{"id":56,"date":"2025-10-17T15:45:04","date_gmt":"2025-10-17T12:45:04","guid":{"rendered":"https:\/\/hiezu.fi\/?page_id=56"},"modified":"2025-10-27T17:49:08","modified_gmt":"2025-10-27T15:49:08","slug":"kesalounas","status":"publish","type":"page","link":"https:\/\/hiezu.fi\/en\/kesalounas\/","title":{"rendered":"Summer lunch"},"content":{"rendered":"<div data-elementor-type=\"wp-page\" data-elementor-id=\"56\" class=\"elementor elementor-56\" data-elementor-post-type=\"page\">\n\t\t\t\t<div class=\"elementor-element elementor-element-4202e62 e-flex e-con-boxed e-con e-parent\" data-id=\"4202e62\" data-element_type=\"container\" data-settings=\"{&quot;background_background&quot;:&quot;classic&quot;}\">\n\t\t\t\t\t<div class=\"e-con-inner\">\n\t\t<div class=\"elementor-element elementor-element-b42f827 e-con-full e-flex e-con e-child\" data-id=\"b42f827\" data-element_type=\"container\">\n\t\t\t\t<div class=\"elementor-element elementor-element-27c7025 elementor-widget elementor-widget-heading\" data-id=\"27c7025\" data-element_type=\"widget\" data-widget_type=\"heading.default\">\n\t\t\t\t\t<h2 class=\"elementor-heading-title elementor-size-default\">Summer lunch at Hiezu\n<\/h2>\t\t\t\t<\/div>\n\t\t\t\t<div class=\"elementor-element elementor-element-355c9b4 elementor-widget elementor-widget-text-editor\" data-id=\"355c9b4\" data-element_type=\"widget\" data-widget_type=\"text-editor.default\">\n\t\t\t\t\t\t\t\t\t<p data-start=\"767\" data-end=\"983\">The Hiezu menu has moved to a summer break \ud83c\udf38<br data-start=\"805\" data-end=\"808\" \/>On weekdays, we serve as lunch <strong data-start=\"836\" data-end=\"857\">our house salmon soup<\/strong> and the caf\u00e9\u2019s <strong data-start=\"872\" data-end=\"901\">small savory dishes<\/strong>.<\/p><p data-start=\"767\" data-end=\"983\">on weekends, the restaurant offers <strong data-start=\"941\" data-end=\"958\">a wide brunch.<\/strong><\/p><p data-start=\"288\" data-end=\"574\">When the sun is shining and the sea is shimmering, Hiezu invites you to enjoy a summer day with good food and a relaxed atmosphere.<br data-start=\"406\" data-end=\"409\" \/>During the summer season, we are open daily <strong data-start=\"444\" data-end=\"478\">on the \u00e0 la carte summer lunch menu<\/strong>where you\u2019ll find plenty of delicious options for both lighter and heartier appetites.<\/p><p data-start=\"576\" data-end=\"746\">All dishes are prepared from fresh ingredients and served\nwith a beautiful seaside view. <strong data-start=\"645\" data-end=\"683\">in the beautiful surroundings of Hietsu Beach<\/strong>.<br data-start=\"684\" data-end=\"687\" \/>You can enjoy your lunch indoors or by the sea on the terrace.<\/p><p data-start=\"767\" data-end=\"983\">Welcome!<\/p>\t\t\t\t\t\t\t\t<\/div>\n\t\t<div class=\"elementor-element elementor-element-421e92a e-con-full e-flex e-con e-child\" data-id=\"421e92a\" data-element_type=\"container\">\n\t\t\t\t<div class=\"elementor-element elementor-element-f8c2271 elementor-widget elementor-widget-button\" data-id=\"f8c2271\" data-element_type=\"widget\" data-widget_type=\"button.default\">\n\t\t\t\t\t\t\t\t\t\t<a class=\"elementor-button elementor-button-link elementor-size-sm\" href=\"https:\/\/hiezu.fi\/en\/brunssi\/\">\n\t\t\t\t\t\t<span class=\"elementor-button-content-wrapper\">\n\t\t\t\t\t\t\t\t\t<span class=\"elementor-button-text\">Brunch<\/span>\n\t\t\t\t\t<\/span>\n\t\t\t\t\t<\/a>\n\t\t\t\t\t\t\t\t<\/div>\n\t\t\t\t<div class=\"elementor-element elementor-element-ad71002 elementor-widget elementor-widget-button\" data-id=\"ad71002\" data-element_type=\"widget\" data-widget_type=\"button.default\">\n\t\t\t\t\t\t\t\t\t\t<a class=\"elementor-button elementor-button-link elementor-size-sm\" href=\"https:\/\/hiezu.fi\/en\/poytavaraus\/\">\n\t\t\t\t\t\t<span class=\"elementor-button-content-wrapper\">\n\t\t\t\t\t\t\t\t\t<span class=\"elementor-button-text\">Reserve a table<\/span>\n\t\t\t\t\t<\/span>\n\t\t\t\t\t<\/a>\n\t\t\t\t\t\t\t\t<\/div>\n\t\t\t\t<\/div>\n\t\t\t\t<\/div>\n\t\t<div class=\"elementor-element elementor-element-328cc61 e-con-full e-flex e-con e-child\" data-id=\"328cc61\" data-element_type=\"container\">\n\t\t\t\t<div class=\"elementor-element elementor-element-bc48d39 elementor-widget elementor-widget-image\" data-id=\"bc48d39\" data-element_type=\"widget\" data-widget_type=\"image.default\">\n\t\t\t\t\t\t\t\t\t\t\t\t\t\t\t<img fetchpriority=\"high\" decoding=\"async\" width=\"800\" height=\"986\" src=\"https:\/\/hiezu.fi\/wp-content\/uploads\/2025\/10\/Kesalounas-hiezu-1.jpg\" class=\"attachment-large size-large wp-image-1939\" alt=\"\" srcset=\"https:\/\/hiezu.fi\/wp-content\/uploads\/2025\/10\/Kesalounas-hiezu-1.jpg 800w, https:\/\/hiezu.fi\/wp-content\/uploads\/2025\/10\/Kesalounas-hiezu-1-243x300.jpg 243w, https:\/\/hiezu.fi\/wp-content\/uploads\/2025\/10\/Kesalounas-hiezu-1-768x947.jpg 768w, https:\/\/hiezu.fi\/wp-content\/uploads\/2025\/10\/Kesalounas-hiezu-1-10x12.jpg 10w\" sizes=\"(max-width: 800px) 100vw, 800px\" \/>\t\t\t\t\t\t\t\t\t\t\t\t\t\t\t<\/div>\n\t\t\t\t<\/div>\n\t\t\t\t\t<\/div>\n\t\t\t\t<\/div>\n\t\t<div class=\"elementor-element elementor-element-ae1a751 e-flex e-con-boxed e-con e-parent\" data-id=\"ae1a751\" data-element_type=\"container\">\n\t\t\t\t\t<div class=\"e-con-inner\">\n\t\t<div class=\"elementor-element elementor-element-593a9b9 e-con-full e-flex e-con e-child\" data-id=\"593a9b9\" data-element_type=\"container\">\n\t\t\t\t<div class=\"elementor-element elementor-element-8ddaea2 elementor-widget elementor-widget-html\" data-id=\"8ddaea2\" data-element_type=\"widget\" data-widget_type=\"html.default\">\n\t\t\t\t\t<img decoding=\"async\" src=\"https:\/\/hiezu.fi\/wp-content\/uploads\/2025\/10\/hiezu-menu.jpg\"\/>\t\t\t\t<\/div>\n\t\t\t\t<\/div>\n\t\t\t\t\t<\/div>\n\t\t\t\t<\/div>\n\t\t\t\t<\/div>","protected":false},"excerpt":{"rendered":"<p>Kes\u00e4lounas Hiezussa Hiezu-menu on siirtynyt kes\u00e4tauolle \ud83c\udf38Viikolla lounaana tarjoamme talon lohikeittoa sek\u00e4 kahvilan pieni\u00e4 suolaisia annoksia. Viikonloppuisin ravintolasta l\u00f6ytyy laaja brunssi. Kun aurinko paistaa ja meri kimmelt\u00e4\u00e4, Hiezu kutsuu nauttimaan kes\u00e4p\u00e4iv\u00e4st\u00e4 hyv\u00e4n ruoan ja rennon tunnelman merkeiss\u00e4.Kes\u00e4kaudella palvelemme p\u00e4ivitt\u00e4in \u00e0 la carte -kes\u00e4lounaslistalla, josta l\u00f6yd\u00e4t runsaasti herkullisia vaihtoehtoja niin kevyemp\u00e4\u00e4n kuin ruokaisampaankin n\u00e4lk\u00e4\u00e4n. Kaikki annokset [&hellip;]<\/p>","protected":false},"author":1,"featured_media":0,"parent":0,"menu_order":0,"comment_status":"closed","ping_status":"closed","template":"","meta":{"footnotes":""},"class_list":["post-56","page","type-page","status-publish","hentry"],"_links":{"self":[{"href":"https:\/\/hiezu.fi\/en\/wp-json\/wp\/v2\/pages\/56","targetHints":{"allow":["GET"]}}],"collection":[{"href":"https:\/\/hiezu.fi\/en\/wp-json\/wp\/v2\/pages"}],"about":[{"href":"https:\/\/hiezu.fi\/en\/wp-json\/wp\/v2\/types\/page"}],"author":[{"embeddable":true,"href":"https:\/\/hiezu.fi\/en\/wp-json\/wp\/v2\/users\/1"}],"replies":[{"embeddable":true,"href":"https:\/\/hiezu.fi\/en\/wp-json\/wp\/v2\/comments?post=56"}],"version-history":[{"count":0,"href":"https:\/\/hiezu.fi\/en\/wp-json\/wp\/v2\/pages\/56\/revisions"}],"wp:attachment":[{"href":"https:\/\/hiezu.fi\/en\/wp-json\/wp\/v2\/media?parent=56"}],"curies":[{"name":"wp","href":"https:\/\/api.w.org\/{rel}","templated":true}]}}