{"id":55,"date":"2025-10-17T15:45:11","date_gmt":"2025-10-17T12:45:11","guid":{"rendered":"https:\/\/hiezu.fi\/?page_id=55"},"modified":"2025-10-21T11:25:57","modified_gmt":"2025-10-21T08:25:57","slug":"juomat","status":"publish","type":"page","link":"https:\/\/hiezu.fi\/en\/juomat\/","title":{"rendered":"Drinks"},"content":{"rendered":"<div data-elementor-type=\"wp-page\" data-elementor-id=\"55\" class=\"elementor elementor-55\" data-elementor-post-type=\"page\">\n\t\t\t\t<div class=\"elementor-element elementor-element-9601147 e-flex e-con-boxed e-con e-parent\" data-id=\"9601147\" data-element_type=\"container\">\n\t\t\t\t\t<div class=\"e-con-inner\">\n\t\t<div class=\"elementor-element elementor-element-110f993 e-con-full e-flex e-con e-child\" data-id=\"110f993\" data-element_type=\"container\">\n\t\t\t\t<div class=\"elementor-element elementor-element-6f38d81 elementor-widget elementor-widget-image\" data-id=\"6f38d81\" data-element_type=\"widget\" data-widget_type=\"image.default\">\n\t\t\t\t\t\t\t\t\t\t\t\t\t\t\t<img fetchpriority=\"high\" decoding=\"async\" width=\"731\" height=\"675\" src=\"https:\/\/hiezu.fi\/wp-content\/uploads\/2025\/10\/Juomat.jpg\" class=\"attachment-large size-large wp-image-1514\" alt=\"\" srcset=\"https:\/\/hiezu.fi\/wp-content\/uploads\/2025\/10\/Juomat.jpg 731w, https:\/\/hiezu.fi\/wp-content\/uploads\/2025\/10\/Juomat-300x277.jpg 300w, https:\/\/hiezu.fi\/wp-content\/uploads\/2025\/10\/Juomat-13x12.jpg 13w\" sizes=\"(max-width: 731px) 100vw, 731px\" \/>\t\t\t\t\t\t\t\t\t\t\t\t\t\t\t<\/div>\n\t\t\t\t<\/div>\n\t\t<div class=\"elementor-element elementor-element-0e502cf e-con-full e-flex e-con e-child\" data-id=\"0e502cf\" data-element_type=\"container\">\n\t\t\t\t<div class=\"elementor-element elementor-element-f00a66b elementor-widget elementor-widget-text-editor\" data-id=\"f00a66b\" data-element_type=\"widget\" data-widget_type=\"text-editor.default\">\n\t\t\t\t\t\t\t\t\t<p data-start=\"12\" data-end=\"243\">Hiezu offers a diverse selection of drinks for every moment. The menu includes wines, beers, cocktails, non-alcoholic options, and other refreshing beverages that perfectly complement your dining experience by the sea.<\/p><p data-start=\"245\" data-end=\"325\">Below you\u2019ll find Hiezu\u2019s drink menu, which is updated regularly according to the season.<\/p><p data-start=\"327\" data-end=\"354\" data-is-last-node=\"\" data-is-only-node=\"\"><strong data-start=\"327\" data-end=\"354\" data-is-last-node=\"\">Drink menu coming soon<\/strong><\/p>\t\t\t\t\t\t\t\t<\/div>\n\t\t<div class=\"elementor-element elementor-element-c603952 e-con-full e-flex e-con e-child\" data-id=\"c603952\" data-element_type=\"container\">\n\t\t\t\t<div class=\"elementor-element elementor-element-feb6b59 elementor-widget elementor-widget-button\" data-id=\"feb6b59\" data-element_type=\"widget\" data-widget_type=\"button.default\">\n\t\t\t\t\t\t\t\t\t\t<a class=\"elementor-button elementor-button-link elementor-size-sm\" href=\"https:\/\/hiezu.fi\/en\/brunssi\/\">\n\t\t\t\t\t\t<span class=\"elementor-button-content-wrapper\">\n\t\t\t\t\t\t\t\t\t<span class=\"elementor-button-text\">Brunch<\/span>\n\t\t\t\t\t<\/span>\n\t\t\t\t\t<\/a>\n\t\t\t\t\t\t\t\t<\/div>\n\t\t\t\t<div class=\"elementor-element elementor-element-70924c9 elementor-widget elementor-widget-button\" data-id=\"70924c9\" data-element_type=\"widget\" data-widget_type=\"button.default\">\n\t\t\t\t\t\t\t\t\t\t<a class=\"elementor-button elementor-button-link elementor-size-sm\" href=\"https:\/\/hiezu.fi\/en\/poytavaraus\/\">\n\t\t\t\t\t\t<span class=\"elementor-button-content-wrapper\">\n\t\t\t\t\t\t\t\t\t<span class=\"elementor-button-text\">Reserve a table<\/span>\n\t\t\t\t\t<\/span>\n\t\t\t\t\t<\/a>\n\t\t\t\t\t\t\t\t<\/div>\n\t\t\t\t<\/div>\n\t\t\t\t<\/div>\n\t\t\t\t\t<\/div>\n\t\t\t\t<\/div>\n\t\t\t\t<\/div>","protected":false},"excerpt":{"rendered":"<p>Hiezu tarjoaa monipuolisen juomavalikoiman, joka sopii jokaiseen hetkeen. Valikoimasta l\u00f6ytyy viinej\u00e4, oluita, cocktaileja, alkoholittomia vaihtoehtoja ja muita virkist\u00e4vi\u00e4 juomia, jotka t\u00e4ydent\u00e4v\u00e4t ruokailuhetkesi meren \u00e4\u00e4rell\u00e4. Alta l\u00f6yd\u00e4t Hiezun juomalistan, joka p\u00e4ivittyy s\u00e4\u00e4nn\u00f6llisesti sesongin mukaan. Juomalista tulossa pian Brunssi Varaa p\u00f6yt\u00e4<\/p>","protected":false},"author":1,"featured_media":0,"parent":0,"menu_order":0,"comment_status":"closed","ping_status":"closed","template":"","meta":{"footnotes":""},"class_list":["post-55","page","type-page","status-publish","hentry"],"_links":{"self":[{"href":"https:\/\/hiezu.fi\/en\/wp-json\/wp\/v2\/pages\/55","targetHints":{"allow":["GET"]}}],"collection":[{"href":"https:\/\/hiezu.fi\/en\/wp-json\/wp\/v2\/pages"}],"about":[{"href":"https:\/\/hiezu.fi\/en\/wp-json\/wp\/v2\/types\/page"}],"author":[{"embeddable":true,"href":"https:\/\/hiezu.fi\/en\/wp-json\/wp\/v2\/users\/1"}],"replies":[{"embeddable":true,"href":"https:\/\/hiezu.fi\/en\/wp-json\/wp\/v2\/comments?post=55"}],"version-history":[{"count":0,"href":"https:\/\/hiezu.fi\/en\/wp-json\/wp\/v2\/pages\/55\/revisions"}],"wp:attachment":[{"href":"https:\/\/hiezu.fi\/en\/wp-json\/wp\/v2\/media?parent=55"}],"curies":[{"name":"wp","href":"https:\/\/api.w.org\/{rel}","templated":true}]}}