{"id":53,"date":"2025-10-17T15:44:55","date_gmt":"2025-10-17T12:44:55","guid":{"rendered":"https:\/\/hiezu.fi\/?page_id=53"},"modified":"2025-10-22T14:08:53","modified_gmt":"2025-10-22T11:08:53","slug":"kahvila","status":"publish","type":"page","link":"https:\/\/hiezu.fi\/en\/kahvila\/","title":{"rendered":"Caf\u00e9"},"content":{"rendered":"<div data-elementor-type=\"wp-page\" data-elementor-id=\"53\" class=\"elementor elementor-53\" data-elementor-post-type=\"page\">\n\t\t\t\t<div class=\"elementor-element elementor-element-53effcb e-flex e-con-boxed e-con e-parent\" data-id=\"53effcb\" data-element_type=\"container\">\n\t\t\t\t\t<div class=\"e-con-inner\">\n\t\t<div class=\"elementor-element elementor-element-7cad710 e-con-full e-flex e-con e-child\" data-id=\"7cad710\" data-element_type=\"container\">\n\t\t\t\t<div class=\"elementor-element elementor-element-e862181 elementor-widget elementor-widget-image\" data-id=\"e862181\" data-element_type=\"widget\" data-widget_type=\"image.default\">\n\t\t\t\t\t\t\t\t\t\t\t\t\t\t\t<img fetchpriority=\"high\" decoding=\"async\" width=\"800\" height=\"821\" src=\"https:\/\/hiezu.fi\/wp-content\/uploads\/2025\/10\/Kahvila-Hiezu.jpg\" class=\"attachment-large size-large wp-image-1809\" alt=\"\" srcset=\"https:\/\/hiezu.fi\/wp-content\/uploads\/2025\/10\/Kahvila-Hiezu.jpg 974w, https:\/\/hiezu.fi\/wp-content\/uploads\/2025\/10\/Kahvila-Hiezu-292x300.jpg 292w, https:\/\/hiezu.fi\/wp-content\/uploads\/2025\/10\/Kahvila-Hiezu-768x789.jpg 768w, https:\/\/hiezu.fi\/wp-content\/uploads\/2025\/10\/Kahvila-Hiezu-12x12.jpg 12w\" sizes=\"(max-width: 800px) 100vw, 800px\" \/>\t\t\t\t\t\t\t\t\t\t\t\t\t\t\t<\/div>\n\t\t\t\t<\/div>\n\t\t<div class=\"elementor-element elementor-element-890fd98 e-con-full e-flex e-con e-child\" data-id=\"890fd98\" data-element_type=\"container\">\n\t\t\t\t<div class=\"elementor-element elementor-element-bf5a0ac elementor-widget elementor-widget-heading\" data-id=\"bf5a0ac\" data-element_type=\"widget\" data-widget_type=\"heading.default\">\n\t\t\t\t\t<h2 class=\"elementor-heading-title elementor-size-default\">Caf\u00e9 &amp; Bistro Hiezu \u2013 Seaside caf\u00e9<\/h2>\t\t\t\t<\/div>\n\t\t\t\t<div class=\"elementor-element elementor-element-2219522 elementor-widget elementor-widget-text-editor\" data-id=\"2219522\" data-element_type=\"widget\" data-widget_type=\"text-editor.default\">\n\t\t\t\t\t\t\t\t\t<p data-start=\"136\" data-end=\"431\">Welcome to enjoy coffee, delicious pastries, and the relaxed atmosphere of Hiezu Caf\u00e9 &amp; Bistro right by the sea.<br data-start=\"262\" data-end=\"265\" \/>In our caf\u00e9, you\u2019ll find fresh buns, savory pies, sweet treats, and of course our legendary house <strong data-start=\"375\" data-end=\"389\">lohikeiton<\/strong>, which people come to enjoy from far and wide.<\/p><p data-start=\"433\" data-end=\"528\">In summer, you can sit on the sunny terrace and enjoy a refreshing drink with a sea view.<\/p>\t\t\t\t\t\t\t\t<\/div>\n\t\t<div class=\"elementor-element elementor-element-a3bdb67 e-con-full e-flex e-con e-child\" data-id=\"a3bdb67\" data-element_type=\"container\">\n\t\t\t\t<div class=\"elementor-element elementor-element-67ec03c elementor-widget elementor-widget-button\" data-id=\"67ec03c\" data-element_type=\"widget\" data-widget_type=\"button.default\">\n\t\t\t\t\t\t\t\t\t\t<a class=\"elementor-button elementor-button-link elementor-size-sm\" href=\"https:\/\/hiezu.fi\/en\/brunssi\/\">\n\t\t\t\t\t\t<span class=\"elementor-button-content-wrapper\">\n\t\t\t\t\t\t\t\t\t<span class=\"elementor-button-text\">Brunch<\/span>\n\t\t\t\t\t<\/span>\n\t\t\t\t\t<\/a>\n\t\t\t\t\t\t\t\t<\/div>\n\t\t\t\t<div class=\"elementor-element elementor-element-9d15b0b elementor-widget elementor-widget-button\" data-id=\"9d15b0b\" data-element_type=\"widget\" data-widget_type=\"button.default\">\n\t\t\t\t\t\t\t\t\t\t<a class=\"elementor-button elementor-button-link elementor-size-sm\" href=\"https:\/\/hiezu.fi\/en\/poytavaraus\/\">\n\t\t\t\t\t\t<span class=\"elementor-button-content-wrapper\">\n\t\t\t\t\t\t\t\t\t<span class=\"elementor-button-text\">Reserve a table<\/span>\n\t\t\t\t\t<\/span>\n\t\t\t\t\t<\/a>\n\t\t\t\t\t\t\t\t<\/div>\n\t\t\t\t<\/div>\n\t\t\t\t<\/div>\n\t\t\t\t\t<\/div>\n\t\t\t\t<\/div>\n\t\t\t\t<\/div>","protected":false},"excerpt":{"rendered":"<p>Caf\u00e9 &amp; Bistro Hiezu \u2013 Merenrannan kahvila Tervetuloa nauttimaan kahvista, herkullisista leivonnaisista ja Hiezu Caf\u00e9 &amp; Bistron rennosta tunnelmasta aivan meren \u00e4\u00e4rell\u00e4.Kahvilastamme l\u00f6yd\u00e4t tuoreita pullia, suolaisia piiraista, makeita herkkuja sek\u00e4 tietysti talon legendaarisen lohikeiton, jota tullaan maistelemaan kauempaakin. Kes\u00e4isin voit istahtaa aurinkoiselle terassille ja nauttia virkist\u00e4v\u00e4n juoman merin\u00e4k\u00f6alalla. Brunssi Varaa p\u00f6yt\u00e4<\/p>","protected":false},"author":1,"featured_media":0,"parent":0,"menu_order":0,"comment_status":"closed","ping_status":"closed","template":"","meta":{"footnotes":""},"class_list":["post-53","page","type-page","status-publish","hentry"],"_links":{"self":[{"href":"https:\/\/hiezu.fi\/en\/wp-json\/wp\/v2\/pages\/53","targetHints":{"allow":["GET"]}}],"collection":[{"href":"https:\/\/hiezu.fi\/en\/wp-json\/wp\/v2\/pages"}],"about":[{"href":"https:\/\/hiezu.fi\/en\/wp-json\/wp\/v2\/types\/page"}],"author":[{"embeddable":true,"href":"https:\/\/hiezu.fi\/en\/wp-json\/wp\/v2\/users\/1"}],"replies":[{"embeddable":true,"href":"https:\/\/hiezu.fi\/en\/wp-json\/wp\/v2\/comments?post=53"}],"version-history":[{"count":0,"href":"https:\/\/hiezu.fi\/en\/wp-json\/wp\/v2\/pages\/53\/revisions"}],"wp:attachment":[{"href":"https:\/\/hiezu.fi\/en\/wp-json\/wp\/v2\/media?parent=53"}],"curies":[{"name":"wp","href":"https:\/\/api.w.org\/{rel}","templated":true}]}}