{"id":52,"date":"2025-10-17T15:44:49","date_gmt":"2025-10-17T12:44:49","guid":{"rendered":"https:\/\/hiezu.fi\/?page_id=52"},"modified":"2026-05-03T11:41:28","modified_gmt":"2026-05-03T08:41:28","slug":"brunssi","status":"publish","type":"page","link":"https:\/\/hiezu.fi\/en\/brunssi\/","title":{"rendered":"Brunch"},"content":{"rendered":"<div data-elementor-type=\"wp-page\" data-elementor-id=\"52\" class=\"elementor elementor-52\" data-elementor-post-type=\"page\">\n\t\t\t\t<div class=\"elementor-element elementor-element-90ed96c e-flex e-con-boxed e-con e-parent\" data-id=\"90ed96c\" data-element_type=\"container\">\n\t\t\t\t\t<div class=\"e-con-inner\">\n\t\t<div class=\"elementor-element elementor-element-f699f45 e-con-full e-flex e-con e-child\" data-id=\"f699f45\" data-element_type=\"container\">\n\t\t\t\t<div class=\"elementor-element elementor-element-6aa8dd2 elementor-widget-tablet_extra__width-initial elementor-widget elementor-widget-text-editor\" data-id=\"6aa8dd2\" data-element_type=\"widget\" data-widget_type=\"text-editor.default\">\n\t\t\t\t\t\t\t\t\t<p style=\"text-align: center;\"><span style=\"text-decoration: underline;\">\u00c4itienp\u00e4iv\u00e4 Brunssi 10.5.<\/span><\/p><p style=\"text-align: center;\">tarjoillaan kattausajoissa klo<\/p><p style=\"text-align: center;\"><strong>11.00. 13,00, 15,00<\/strong><\/p><p style=\"text-align: center;\">Brunssi on normaalia kattavampi hintaan <b>37,90\u20ac\/hl\u00f6<\/b><\/p><p><img fetchpriority=\"high\" decoding=\"async\" class=\"size-medium wp-image-2251 aligncenter\" src=\"https:\/\/hiezu.fi\/wp-content\/uploads\/2026\/04\/ChatGPT-Image-27.4.2026-klo-12.30.02-300x200.png\" alt=\"\" width=\"300\" height=\"200\" srcset=\"https:\/\/hiezu.fi\/wp-content\/uploads\/2026\/04\/ChatGPT-Image-27.4.2026-klo-12.30.02-300x200.png 300w, https:\/\/hiezu.fi\/wp-content\/uploads\/2026\/04\/ChatGPT-Image-27.4.2026-klo-12.30.02-1024x683.png 1024w, https:\/\/hiezu.fi\/wp-content\/uploads\/2026\/04\/ChatGPT-Image-27.4.2026-klo-12.30.02-768x512.png 768w, https:\/\/hiezu.fi\/wp-content\/uploads\/2026\/04\/ChatGPT-Image-27.4.2026-klo-12.30.02-18x12.png 18w, https:\/\/hiezu.fi\/wp-content\/uploads\/2026\/04\/ChatGPT-Image-27.4.2026-klo-12.30.02.png 1536w\" sizes=\"(max-width: 300px) 100vw, 300px\" \/><\/p><p style=\"text-align: center;\">What could be better than starting the weekend with a seaside brunch with your loved ones!<\/p><p style=\"text-align: center;\">Brunch is available every weekend<\/p><p style=\"text-align: center;\">\u00a0<strong>Sat\u2013Sun 11:00 \u2013 16:00<\/strong>.<\/p><div class=\"highlight\" style=\"text-align: center;\"><p><span class=\"price\">Brunch price:<\/span>\u00a029,90 \u20ac<\/p><p><span class=\"price\">For children under 12:<\/span>\u00a015,90 \u20ac<\/p><p><span class=\"price\">Children under 3:<\/span>\u00a0veloituksetta<\/p><\/div><p style=\"text-align: center;\">You can reserve a scenic table in advance at:\u00a0<\/p><p style=\"text-align: center;\"><strong>050 552 2742<\/strong>\u00a0or by email\u00a0<strong>info@hiezu.fi<\/strong>.<\/p>\t\t\t\t\t\t\t\t<\/div>\n\t\t\t\t<div class=\"elementor-element elementor-element-c87b45e elementor-widget elementor-widget-text-editor\" data-id=\"c87b45e\" data-element_type=\"widget\" data-widget_type=\"text-editor.default\">\n\t\t\t\t\t\t\t\t\t<p><br \/><iframe style=\"max-width: 100%; height: 550px;\" src=\"https:\/\/www.quandoo.fi\/checkout-widget\/widget?agentId=2&amp;merchantId=96430&amp;primaryColor=1870C3&amp;theme=light&amp;widgetType=calendar\" frameborder=\"0\" scrolling=\"yes\"><\/iframe><\/p>\t\t\t\t\t\t\t\t<\/div>\n\t\t\t\t<\/div>\n\t\t<div class=\"elementor-element elementor-element-f326749 e-con-full e-flex e-con e-child\" data-id=\"f326749\" data-element_type=\"container\">\n\t\t\t\t<div class=\"elementor-element elementor-element-9390f06 elementor-widget elementor-widget-text-editor\" data-id=\"9390f06\" data-element_type=\"widget\" data-widget_type=\"text-editor.default\">\n\t\t\t\t\t\t\t\t\t<h1 style=\"text-align: center;\"><span style=\"text-decoration: underline;\">HIEZUN BRUNSSI<span style=\"font-size: 36px;\">\u00a0<\/span><\/span><\/h1><h2>\u00a0<\/h2><h2 style=\"text-align: center;\">Brunch always includes a varying selection of<\/h2><p style=\"text-align: center;\"><strong>Cold dishes<\/strong><\/p><p style=\"text-align: center;\">Various Mediterranean-style salads<\/p><p style=\"text-align: center;\">Juusto- sek\u00e4 leikkelevalikoima &amp; suolakeksej\u00e4<\/p><p style=\"text-align: center;\">Keitettyj\u00e4 tai paistettuja kananmunia<\/p><p style=\"text-align: center;\">\u00a0Chia-kookos vanukas<\/p><div style=\"text-align: center;\"><span style=\"color: #161c2d; font-family: Open Sans, sans-serif;\"><span style=\"font-size: 18px;\">\u00a0<\/span><\/span><\/div><p style=\"text-align: center;\"><strong>Additionally in the buffet<\/strong><\/p><p style=\"text-align: center;\">Option to make your own toast<\/p><p style=\"text-align: center;\">Mini croissantteja &amp; hilloja<\/p><p style=\"text-align: center;\">Jogurtti &amp; granola (L)<\/p><p style=\"text-align: center;\">Karelian pies (L)<\/p><p style=\"text-align: center;\">House bread rolls and toast (L)<\/p><p style=\"text-align: center;\">Egg butter, butter\/margarine, jams<\/p><p style=\"text-align: center;\">Murovalikoima &amp; maito (L)<\/p><p style=\"text-align: center;\">Fresh juices: apple, orange, and mixed juice<\/p><p style=\"text-align: center;\">Flavored water<\/p><p style=\"text-align: center;\"><em>We also accommodate VEG and GL diners. Many items are available upon request at the counter!<\/em><\/p><p style=\"text-align: center;\"><strong>Hot dishes<\/strong><\/p><p style=\"text-align: center;\">A varying selection of fish, meat, chicken, and vegetarian options (L, G, V)<\/p><p style=\"text-align: center;\">Kasvis vaihtoehto (VEG)<\/p><p style=\"text-align: center;\">Wedges, mashed potatoes, rice, pasta, or boiled potatoes<\/p><p style=\"text-align: center;\">Nauravat nakit \/tai nugetteja (L)<\/p><p style=\"text-align: center;\"><strong>In dessert<\/strong><\/p><p style=\"text-align: center;\">Option to make waffles with your choice of toppings<\/p><p style=\"text-align: center;\">House cake (contents vary)<\/p><p style=\"text-align: center;\">Homemade pies<\/p><p style=\"text-align: center;\">Sliced fruits such as watermelon, pineapple, and banana (V, G)<\/p><p style=\"text-align: center;\">Cookie selection (L)<\/p><p style=\"text-align: center;\">Vaahtokarkkeja \/ Pannukakkuja (GL, L)<\/p><p style=\"text-align: center;\">Nutella, berries, chocolate pralines<\/p><p style=\"text-align: center;\">Kahvi, tee &amp; mehu<\/p><p style=\"text-align: center;\"><strong>Sparkling wine<\/strong><\/p><p style=\"text-align: center;\">A glass of sparkling wine with brunch \u20ac5.50<\/p><p style=\"text-align: center;\">A glass of mimosa with brunch \u20ac5<\/p><p style=\"text-align: center;\"><em>We reserve the right to make small changes to the brunch selection, for example based on ingredient availability.<\/em><\/p>\t\t\t\t\t\t\t\t<\/div>\n\t\t\t\t<\/div>\n\t\t<div class=\"elementor-element elementor-element-4ba1571 e-con-full e-flex e-con e-child\" data-id=\"4ba1571\" data-element_type=\"container\">\n\t\t\t\t<div class=\"elementor-element elementor-element-dd314dc elementor-widget elementor-widget-gallery\" data-id=\"dd314dc\" data-element_type=\"widget\" data-settings=\"{&quot;gallery_layout&quot;:&quot;justified&quot;,&quot;lazyload&quot;:&quot;yes&quot;,&quot;ideal_row_height&quot;:{&quot;unit&quot;:&quot;px&quot;,&quot;size&quot;:200,&quot;sizes&quot;:[]},&quot;ideal_row_height_laptop&quot;:{&quot;unit&quot;:&quot;px&quot;,&quot;size&quot;:150,&quot;sizes&quot;:[]},&quot;ideal_row_height_tablet_extra&quot;:{&quot;unit&quot;:&quot;px&quot;,&quot;size&quot;:150,&quot;sizes&quot;:[]},&quot;ideal_row_height_tablet&quot;:{&quot;unit&quot;:&quot;px&quot;,&quot;size&quot;:150,&quot;sizes&quot;:[]},&quot;ideal_row_height_mobile_extra&quot;:{&quot;unit&quot;:&quot;px&quot;,&quot;size&quot;:150,&quot;sizes&quot;:[]},&quot;ideal_row_height_mobile&quot;:{&quot;unit&quot;:&quot;px&quot;,&quot;size&quot;:150,&quot;sizes&quot;:[]},&quot;gap&quot;:{&quot;unit&quot;:&quot;px&quot;,&quot;size&quot;:10,&quot;sizes&quot;:[]},&quot;gap_laptop&quot;:{&quot;unit&quot;:&quot;px&quot;,&quot;size&quot;:10,&quot;sizes&quot;:[]},&quot;gap_tablet_extra&quot;:{&quot;unit&quot;:&quot;px&quot;,&quot;size&quot;:10,&quot;sizes&quot;:[]},&quot;gap_tablet&quot;:{&quot;unit&quot;:&quot;px&quot;,&quot;size&quot;:10,&quot;sizes&quot;:[]},&quot;gap_mobile_extra&quot;:{&quot;unit&quot;:&quot;px&quot;,&quot;size&quot;:10,&quot;sizes&quot;:[]},&quot;gap_mobile&quot;:{&quot;unit&quot;:&quot;px&quot;,&quot;size&quot;:10,&quot;sizes&quot;:[]},&quot;link_to&quot;:&quot;file&quot;,&quot;overlay_background&quot;:&quot;yes&quot;,&quot;content_hover_animation&quot;:&quot;fade-in&quot;}\" data-widget_type=\"gallery.default\">\n\t\t\t\t\t\t\t<div class=\"elementor-gallery__container\">\n\t\t\t\t\t\t\t<a class=\"e-gallery-item elementor-gallery-item elementor-animated-content\" href=\"https:\/\/hiezu.fi\/wp-content\/uploads\/2025\/10\/Brunssi-Cafe-and-Bistro.jpg\" data-elementor-open-lightbox=\"yes\" data-elementor-lightbox-slideshow=\"dd314dc\" data-e-action-hash=\"#elementor-action%3Aaction%3Dlightbox%26settings%3DeyJpZCI6MTkyMSwidXJsIjoiaHR0cHM6XC9cL2hpZXp1LmZpXC93cC1jb250ZW50XC91cGxvYWRzXC8yMDI1XC8xMFwvQnJ1bnNzaS1DYWZlLWFuZC1CaXN0cm8uanBnIiwic2xpZGVzaG93IjoiZGQzMTRkYyJ9\">\n\t\t\t\t\t<div class=\"e-gallery-image elementor-gallery-item__image\" data-thumbnail=\"https:\/\/hiezu.fi\/wp-content\/uploads\/2025\/10\/Brunssi-Cafe-and-Bistro-300x206.jpg\" data-width=\"300\" data-height=\"206\" aria-label=\"\" role=\"img\" ><\/div>\n\t\t\t\t\t\t\t\t\t\t\t<div class=\"elementor-gallery-item__overlay\"><\/div>\n\t\t\t\t\t\t\t\t\t\t\t\t\t\t<\/a>\n\t\t\t\t\t\t\t<a class=\"e-gallery-item elementor-gallery-item elementor-animated-content\" href=\"https:\/\/hiezu.fi\/wp-content\/uploads\/2026\/04\/brunssi-kuva-3-scaled.jpg\" data-elementor-open-lightbox=\"yes\" data-elementor-lightbox-slideshow=\"dd314dc\" data-e-action-hash=\"#elementor-action%3Aaction%3Dlightbox%26settings%3DeyJpZCI6MjI2NCwidXJsIjoiaHR0cHM6XC9cL2hpZXp1LmZpXC93cC1jb250ZW50XC91cGxvYWRzXC8yMDI2XC8wNFwvYnJ1bnNzaS1rdXZhLTMtc2NhbGVkLmpwZyIsInNsaWRlc2hvdyI6ImRkMzE0ZGMifQ%3D%3D\">\n\t\t\t\t\t<div class=\"e-gallery-image elementor-gallery-item__image\" data-thumbnail=\"https:\/\/hiezu.fi\/wp-content\/uploads\/2026\/04\/brunssi-kuva-3-225x300.jpg\" data-width=\"225\" data-height=\"300\" aria-label=\"\" role=\"img\" ><\/div>\n\t\t\t\t\t\t\t\t\t\t\t<div class=\"elementor-gallery-item__overlay\"><\/div>\n\t\t\t\t\t\t\t\t\t\t\t\t\t\t<\/a>\n\t\t\t\t\t\t\t<a class=\"e-gallery-item elementor-gallery-item elementor-animated-content\" href=\"https:\/\/hiezu.fi\/wp-content\/uploads\/2026\/04\/brunssi-kuav-2-scaled.jpg\" data-elementor-open-lightbox=\"yes\" data-elementor-lightbox-slideshow=\"dd314dc\" data-e-action-hash=\"#elementor-action%3Aaction%3Dlightbox%26settings%3DeyJpZCI6MjI2MywidXJsIjoiaHR0cHM6XC9cL2hpZXp1LmZpXC93cC1jb250ZW50XC91cGxvYWRzXC8yMDI2XC8wNFwvYnJ1bnNzaS1rdWF2LTItc2NhbGVkLmpwZyIsInNsaWRlc2hvdyI6ImRkMzE0ZGMifQ%3D%3D\">\n\t\t\t\t\t<div class=\"e-gallery-image elementor-gallery-item__image\" data-thumbnail=\"https:\/\/hiezu.fi\/wp-content\/uploads\/2026\/04\/brunssi-kuav-2-225x300.jpg\" data-width=\"225\" data-height=\"300\" aria-label=\"\" role=\"img\" ><\/div>\n\t\t\t\t\t\t\t\t\t\t\t<div class=\"elementor-gallery-item__overlay\"><\/div>\n\t\t\t\t\t\t\t\t\t\t\t\t\t\t<\/a>\n\t\t\t\t\t\t\t<a class=\"e-gallery-item elementor-gallery-item elementor-animated-content\" href=\"https:\/\/hiezu.fi\/wp-content\/uploads\/2025\/10\/Kaytannon-asiat.jpg\" data-elementor-open-lightbox=\"yes\" data-elementor-lightbox-slideshow=\"dd314dc\" data-e-action-hash=\"#elementor-action%3Aaction%3Dlightbox%26settings%3DeyJpZCI6MTM0MiwidXJsIjoiaHR0cHM6XC9cL2hpZXp1LmZpXC93cC1jb250ZW50XC91cGxvYWRzXC8yMDI1XC8xMFwvS2F5dGFubm9uLWFzaWF0LmpwZyIsInNsaWRlc2hvdyI6ImRkMzE0ZGMifQ%3D%3D\">\n\t\t\t\t\t<div class=\"e-gallery-image elementor-gallery-item__image\" data-thumbnail=\"https:\/\/hiezu.fi\/wp-content\/uploads\/2025\/10\/Kaytannon-asiat-300x277.jpg\" data-width=\"300\" data-height=\"277\" aria-label=\"\" role=\"img\" ><\/div>\n\t\t\t\t\t\t\t\t\t\t\t<div class=\"elementor-gallery-item__overlay\"><\/div>\n\t\t\t\t\t\t\t\t\t\t\t\t\t\t<\/a>\n\t\t\t\t\t\t\t<a class=\"e-gallery-item elementor-gallery-item elementor-animated-content\" href=\"https:\/\/hiezu.fi\/wp-content\/uploads\/2026\/04\/brunssi-kuva-scaled.jpg\" data-elementor-open-lightbox=\"yes\" data-elementor-lightbox-slideshow=\"dd314dc\" data-e-action-hash=\"#elementor-action%3Aaction%3Dlightbox%26settings%3DeyJpZCI6MjI2NSwidXJsIjoiaHR0cHM6XC9cL2hpZXp1LmZpXC93cC1jb250ZW50XC91cGxvYWRzXC8yMDI2XC8wNFwvYnJ1bnNzaS1rdXZhLXNjYWxlZC5qcGciLCJzbGlkZXNob3ciOiJkZDMxNGRjIn0%3D\">\n\t\t\t\t\t<div class=\"e-gallery-image elementor-gallery-item__image\" data-thumbnail=\"https:\/\/hiezu.fi\/wp-content\/uploads\/2026\/04\/brunssi-kuva-225x300.jpg\" data-width=\"225\" data-height=\"300\" aria-label=\"\" role=\"img\" ><\/div>\n\t\t\t\t\t\t\t\t\t\t\t<div class=\"elementor-gallery-item__overlay\"><\/div>\n\t\t\t\t\t\t\t\t\t\t\t\t\t\t<\/a>\n\t\t\t\t\t\t\t<a class=\"e-gallery-item elementor-gallery-item elementor-animated-content\" href=\"https:\/\/hiezu.fi\/wp-content\/uploads\/2025\/10\/Women-with-Brunsii-HIezu.jpg\" data-elementor-open-lightbox=\"yes\" data-elementor-lightbox-slideshow=\"dd314dc\" data-e-action-hash=\"#elementor-action%3Aaction%3Dlightbox%26settings%3DeyJpZCI6MjAwOCwidXJsIjoiaHR0cHM6XC9cL2hpZXp1LmZpXC93cC1jb250ZW50XC91cGxvYWRzXC8yMDI1XC8xMFwvV29tZW4td2l0aC1CcnVuc2lpLUhJZXp1LmpwZyIsInNsaWRlc2hvdyI6ImRkMzE0ZGMifQ%3D%3D\">\n\t\t\t\t\t<div class=\"e-gallery-image elementor-gallery-item__image\" data-thumbnail=\"https:\/\/hiezu.fi\/wp-content\/uploads\/2025\/10\/Women-with-Brunsii-HIezu-225x300.jpg\" data-width=\"225\" data-height=\"300\" aria-label=\"\" role=\"img\" ><\/div>\n\t\t\t\t\t\t\t\t\t\t\t<div class=\"elementor-gallery-item__overlay\"><\/div>\n\t\t\t\t\t\t\t\t\t\t\t\t\t\t<\/a>\n\t\t\t\t\t\t\t<a class=\"e-gallery-item elementor-gallery-item elementor-animated-content\" href=\"https:\/\/hiezu.fi\/wp-content\/uploads\/2025\/10\/Brunssi-Hiezu.jpg\" data-elementor-open-lightbox=\"yes\" data-elementor-lightbox-slideshow=\"dd314dc\" data-e-action-hash=\"#elementor-action%3Aaction%3Dlightbox%26settings%3DeyJpZCI6MTkxMSwidXJsIjoiaHR0cHM6XC9cL2hpZXp1LmZpXC93cC1jb250ZW50XC91cGxvYWRzXC8yMDI1XC8xMFwvQnJ1bnNzaS1IaWV6dS5qcGciLCJzbGlkZXNob3ciOiJkZDMxNGRjIn0%3D\">\n\t\t\t\t\t<div class=\"e-gallery-image elementor-gallery-item__image\" data-thumbnail=\"https:\/\/hiezu.fi\/wp-content\/uploads\/2025\/10\/Brunssi-Hiezu-300x250.jpg\" data-width=\"300\" data-height=\"250\" aria-label=\"\" role=\"img\" ><\/div>\n\t\t\t\t\t\t\t\t\t\t\t<div class=\"elementor-gallery-item__overlay\"><\/div>\n\t\t\t\t\t\t\t\t\t\t\t\t\t\t<\/a>\n\t\t\t\t\t\t\t<a class=\"e-gallery-item elementor-gallery-item elementor-animated-content\" href=\"https:\/\/hiezu.fi\/wp-content\/uploads\/2025\/10\/Brunssi-Hiezu-Cafe-and-Bistro.jpg\" data-elementor-open-lightbox=\"yes\" data-elementor-lightbox-slideshow=\"dd314dc\" data-e-action-hash=\"#elementor-action%3Aaction%3Dlightbox%26settings%3DeyJpZCI6MTkxNiwidXJsIjoiaHR0cHM6XC9cL2hpZXp1LmZpXC93cC1jb250ZW50XC91cGxvYWRzXC8yMDI1XC8xMFwvQnJ1bnNzaS1IaWV6dS1DYWZlLWFuZC1CaXN0cm8uanBnIiwic2xpZGVzaG93IjoiZGQzMTRkYyJ9\">\n\t\t\t\t\t<div class=\"e-gallery-image elementor-gallery-item__image\" data-thumbnail=\"https:\/\/hiezu.fi\/wp-content\/uploads\/2025\/10\/Brunssi-Hiezu-Cafe-and-Bistro-300x216.jpg\" data-width=\"300\" data-height=\"216\" aria-label=\"\" role=\"img\" ><\/div>\n\t\t\t\t\t\t\t\t\t\t\t<div class=\"elementor-gallery-item__overlay\"><\/div>\n\t\t\t\t\t\t\t\t\t\t\t\t\t\t<\/a>\n\t\t\t\t\t\t\t<a class=\"e-gallery-item elementor-gallery-item elementor-animated-content\" href=\"https:\/\/hiezu.fi\/wp-content\/uploads\/2025\/10\/Selection-14.png\" data-elementor-open-lightbox=\"yes\" data-elementor-lightbox-slideshow=\"dd314dc\" data-e-action-hash=\"#elementor-action%3Aaction%3Dlightbox%26settings%3DeyJpZCI6NDA3LCJ1cmwiOiJodHRwczpcL1wvaGllenUuZmlcL3dwLWNvbnRlbnRcL3VwbG9hZHNcLzIwMjVcLzEwXC9TZWxlY3Rpb24tMTQucG5nIiwic2xpZGVzaG93IjoiZGQzMTRkYyJ9\">\n\t\t\t\t\t<div class=\"e-gallery-image elementor-gallery-item__image\" data-thumbnail=\"https:\/\/hiezu.fi\/wp-content\/uploads\/2025\/10\/Selection-14-203x300.png\" data-width=\"203\" data-height=\"300\" aria-label=\"\" role=\"img\" ><\/div>\n\t\t\t\t\t\t\t\t\t\t\t<div class=\"elementor-gallery-item__overlay\"><\/div>\n\t\t\t\t\t\t\t\t\t\t\t\t\t\t<\/a>\n\t\t\t\t\t<\/div>\n\t\t\t\t\t<\/div>\n\t\t\t\t<\/div>\n\t\t\t\t\t<\/div>\n\t\t\t\t<\/div>\n\t\t\t\t<\/div>","protected":false},"excerpt":{"rendered":"<p>\u00c4itienp\u00e4iv\u00e4 Brunssi 10.5. tarjoillaan kattausajoissa klo 11.00. 13,00, 15,00 Brunssi on normaalia kattavampi hintaan 37,90\u20ac\/hl\u00f6 Mik\u00e4 olisi sen parempaa kuin aloittaa viikonloppu brunssilla merenrannalla l\u00e4heistesi kanssa! Brunssi on tarjolla aina viikonloppuisin \u00a0la\u2013su klo 11 \u2013 16. Brunssin hinta:\u00a029,90 \u20ac Alle 12-vuotiaille:\u00a015,90 \u20ac Alle 3-vuotiaat:\u00a0veloituksetta Voit varata etuk\u00e4teen maisemap\u00f6yd\u00e4n numerosta:\u00a0 050 552 2742\u00a0tai s\u00e4hk\u00f6postitse\u00a0info@hiezu.fi. HIEZUN BRUNSSI\u00a0 [&hellip;]<\/p>","protected":false},"author":1,"featured_media":0,"parent":0,"menu_order":0,"comment_status":"closed","ping_status":"closed","template":"","meta":{"footnotes":""},"class_list":["post-52","page","type-page","status-publish","hentry"],"_links":{"self":[{"href":"https:\/\/hiezu.fi\/en\/wp-json\/wp\/v2\/pages\/52","targetHints":{"allow":["GET"]}}],"collection":[{"href":"https:\/\/hiezu.fi\/en\/wp-json\/wp\/v2\/pages"}],"about":[{"href":"https:\/\/hiezu.fi\/en\/wp-json\/wp\/v2\/types\/page"}],"author":[{"embeddable":true,"href":"https:\/\/hiezu.fi\/en\/wp-json\/wp\/v2\/users\/1"}],"replies":[{"embeddable":true,"href":"https:\/\/hiezu.fi\/en\/wp-json\/wp\/v2\/comments?post=52"}],"version-history":[{"count":84,"href":"https:\/\/hiezu.fi\/en\/wp-json\/wp\/v2\/pages\/52\/revisions"}],"predecessor-version":[{"id":2320,"href":"https:\/\/hiezu.fi\/en\/wp-json\/wp\/v2\/pages\/52\/revisions\/2320"}],"wp:attachment":[{"href":"https:\/\/hiezu.fi\/en\/wp-json\/wp\/v2\/media?parent=52"}],"curies":[{"name":"wp","href":"https:\/\/api.w.org\/{rel}","templated":true}]}}