{"id":288,"date":"2025-10-17T17:19:27","date_gmt":"2025-10-17T14:19:27","guid":{"rendered":"https:\/\/hiezu.fi\/?page_id=288"},"modified":"2025-10-27T19:06:44","modified_gmt":"2025-10-27T17:06:44","slug":"yritystilaisuudet","status":"publish","type":"page","link":"https:\/\/hiezu.fi\/en\/yritystilaisuudet\/","title":{"rendered":"Corporate events"},"content":{"rendered":"<div data-elementor-type=\"wp-page\" data-elementor-id=\"288\" class=\"elementor elementor-288\" data-elementor-post-type=\"page\">\n\t\t\t\t<div class=\"elementor-element elementor-element-e5f9854 e-flex e-con-boxed e-con e-parent\" data-id=\"e5f9854\" data-element_type=\"container\" data-settings=\"{&quot;background_background&quot;:&quot;classic&quot;}\">\n\t\t\t\t\t<div class=\"e-con-inner\">\n\t\t<div class=\"elementor-element elementor-element-8bf88a3 e-con-full e-flex e-con e-child\" data-id=\"8bf88a3\" data-element_type=\"container\">\n\t\t\t\t<div class=\"elementor-element elementor-element-fc09452 elementor-widget elementor-widget-heading\" data-id=\"fc09452\" data-element_type=\"widget\" data-widget_type=\"heading.default\">\n\t\t\t\t\t<h2 class=\"elementor-heading-title elementor-size-default\">Private events at Hiezu<\/h2>\t\t\t\t<\/div>\n\t\t\t\t<div class=\"elementor-element elementor-element-b2807b4 elementor-widget elementor-widget-heading\" data-id=\"b2807b4\" data-element_type=\"widget\" data-widget_type=\"heading.default\">\n\t\t\t\t\t<h2 class=\"elementor-heading-title elementor-size-default\">Perfect setting for celebrations and corporate events<\/h2>\t\t\t\t<\/div>\n\t\t\t\t<div class=\"elementor-element elementor-element-22c20aa elementor-widget elementor-widget-text-editor\" data-id=\"22c20aa\" data-element_type=\"widget\" data-widget_type=\"text-editor.default\">\n\t\t\t\t\t\t\t\t\t<p data-start=\"412\" data-end=\"710\">Hiezu Caf\u00e9 &amp; Bistro offers a wonderful setting for organizing various types of events right by the seaside. Our spaces are suitable for both small and large groups \u2014 the Merikabinetti accommodates around 30 people, and the larger hall up to 80. The spaces can also be combined for bigger events.<\/p><p data-start=\"712\" data-end=\"1038\">The restaurant is equipped with modern presentation technology, including a display, sound system, and microphone. All catering is prepared on-site in Hiezu\u2019s own kitchen. Whether it\u2019s a celebration, client event, or official briefing, we take care of every detail so you can focus on enjoying the moment and the company.<\/p>\t\t\t\t\t\t\t\t<\/div>\n\t\t<div class=\"elementor-element elementor-element-edcb1a6 e-con-full e-flex e-con e-child\" data-id=\"edcb1a6\" data-element_type=\"container\">\n\t\t\t\t<div class=\"elementor-element elementor-element-d99c8c2 elementor-widget elementor-widget-button\" data-id=\"d99c8c2\" data-element_type=\"widget\" data-widget_type=\"button.default\">\n\t\t\t\t\t\t\t\t\t\t<a class=\"elementor-button elementor-button-link elementor-size-sm\" href=\"https:\/\/hiezu.fi\/en\/brunssi\/\">\n\t\t\t\t\t\t<span class=\"elementor-button-content-wrapper\">\n\t\t\t\t\t\t\t\t\t<span class=\"elementor-button-text\">Brunch<\/span>\n\t\t\t\t\t<\/span>\n\t\t\t\t\t<\/a>\n\t\t\t\t\t\t\t\t<\/div>\n\t\t\t\t<div class=\"elementor-element elementor-element-e17849a elementor-widget elementor-widget-button\" data-id=\"e17849a\" data-element_type=\"widget\" data-widget_type=\"button.default\">\n\t\t\t\t\t\t\t\t\t\t<a class=\"elementor-button elementor-button-link elementor-size-sm\" href=\"https:\/\/hiezu.fi\/en\/poytavaraus\/\">\n\t\t\t\t\t\t<span class=\"elementor-button-content-wrapper\">\n\t\t\t\t\t\t\t\t\t<span class=\"elementor-button-text\">Reserve a table<\/span>\n\t\t\t\t\t<\/span>\n\t\t\t\t\t<\/a>\n\t\t\t\t\t\t\t\t<\/div>\n\t\t\t\t<\/div>\n\t\t\t\t<\/div>\n\t\t<div class=\"elementor-element elementor-element-bd1b5d0 e-con-full e-flex e-con e-child\" data-id=\"bd1b5d0\" data-element_type=\"container\">\n\t\t\t\t<div class=\"elementor-element elementor-element-a1367ff elementor-widget elementor-widget-image\" data-id=\"a1367ff\" data-element_type=\"widget\" data-widget_type=\"image.default\">\n\t\t\t\t\t\t\t\t\t\t\t\t\t\t\t<img fetchpriority=\"high\" decoding=\"async\" width=\"800\" height=\"986\" src=\"https:\/\/hiezu.fi\/wp-content\/uploads\/2025\/10\/Yksityistilaisuudet-Hiezu-1.jpg\" class=\"attachment-large size-large wp-image-1947\" alt=\"\" srcset=\"https:\/\/hiezu.fi\/wp-content\/uploads\/2025\/10\/Yksityistilaisuudet-Hiezu-1.jpg 800w, https:\/\/hiezu.fi\/wp-content\/uploads\/2025\/10\/Yksityistilaisuudet-Hiezu-1-243x300.jpg 243w, https:\/\/hiezu.fi\/wp-content\/uploads\/2025\/10\/Yksityistilaisuudet-Hiezu-1-768x947.jpg 768w, https:\/\/hiezu.fi\/wp-content\/uploads\/2025\/10\/Yksityistilaisuudet-Hiezu-1-10x12.jpg 10w\" sizes=\"(max-width: 800px) 100vw, 800px\" \/>\t\t\t\t\t\t\t\t\t\t\t\t\t\t\t<\/div>\n\t\t\t\t<\/div>\n\t\t\t\t\t<\/div>\n\t\t\t\t<\/div>\n\t\t<div class=\"elementor-element elementor-element-46eb26a e-flex e-con-boxed e-con e-parent\" data-id=\"46eb26a\" data-element_type=\"container\">\n\t\t\t\t\t<div class=\"e-con-inner\">\n\t\t<div class=\"elementor-element elementor-element-be9e772 e-con-full e-flex e-con e-child\" data-id=\"be9e772\" data-element_type=\"container\">\n\t\t\t\t<div class=\"elementor-element elementor-element-57ca998 elementor-widget elementor-widget-image\" data-id=\"57ca998\" data-element_type=\"widget\" data-widget_type=\"image.default\">\n\t\t\t\t\t\t\t\t\t\t\t\t\t\t\t<img decoding=\"async\" width=\"633\" height=\"676\" src=\"https:\/\/hiezu.fi\/wp-content\/uploads\/2025\/10\/Pikkujoulut.jpg\" class=\"attachment-large size-large wp-image-1522\" alt=\"\" srcset=\"https:\/\/hiezu.fi\/wp-content\/uploads\/2025\/10\/Pikkujoulut.jpg 633w, https:\/\/hiezu.fi\/wp-content\/uploads\/2025\/10\/Pikkujoulut-281x300.jpg 281w, https:\/\/hiezu.fi\/wp-content\/uploads\/2025\/10\/Pikkujoulut-11x12.jpg 11w\" sizes=\"(max-width: 633px) 100vw, 633px\" \/>\t\t\t\t\t\t\t\t\t\t\t\t\t\t\t<\/div>\n\t\t\t\t<\/div>\n\t\t<div class=\"elementor-element elementor-element-809676e e-con-full e-flex e-con e-child\" data-id=\"809676e\" data-element_type=\"container\">\n\t\t\t\t<div class=\"elementor-element elementor-element-df50503 elementor-widget elementor-widget-heading\" data-id=\"df50503\" data-element_type=\"widget\" data-widget_type=\"heading.default\">\n\t\t\t\t\t<h2 class=\"elementor-heading-title elementor-size-default\">Christmas parties at Hiezu<\/h2>\t\t\t\t<\/div>\n\t\t\t\t<div class=\"elementor-element elementor-element-1f8f588 elementor-widget elementor-widget-text-editor\" data-id=\"1f8f588\" data-element_type=\"widget\" data-widget_type=\"text-editor.default\">\n\t\t\t\t\t\t\t\t\t<p>Host an unforgettable Christmas party in Hiezu\u2019s atmospheric setting. Delicious food, great company, and a warm ambiance make the evening a success.<\/p><p>We can also arrange programmes, live music, or other entertainment according to your wishes.<\/p><p>The spaces are ideal for both small teams and large corporate events.<\/p>\t\t\t\t\t\t\t\t<\/div>\n\t\t<div class=\"elementor-element elementor-element-00fbc78 e-con-full e-flex e-con e-child\" data-id=\"00fbc78\" data-element_type=\"container\">\n\t\t\t\t<div class=\"elementor-element elementor-element-03ad783 elementor-widget elementor-widget-button\" data-id=\"03ad783\" data-element_type=\"widget\" data-widget_type=\"button.default\">\n\t\t\t\t\t\t\t\t\t\t<a class=\"elementor-button elementor-button-link elementor-size-sm\" href=\"https:\/\/hiezu.fi\/en\/ota-yhteytta\/\">\n\t\t\t\t\t\t<span class=\"elementor-button-content-wrapper\">\n\t\t\t\t\t\t\t\t\t<span class=\"elementor-button-text\">Ask about our Christmas party packages and book in advance<\/span>\n\t\t\t\t\t<\/span>\n\t\t\t\t\t<\/a>\n\t\t\t\t\t\t\t\t<\/div>\n\t\t\t\t<\/div>\n\t\t\t\t<\/div>\n\t\t\t\t\t<\/div>\n\t\t\t\t<\/div>\n\t\t<div class=\"elementor-element elementor-element-092eaa8 e-flex e-con-boxed e-con e-parent\" data-id=\"092eaa8\" data-element_type=\"container\">\n\t\t\t\t\t<div class=\"e-con-inner\">\n\t\t<div class=\"elementor-element elementor-element-39794bb e-con-full e-flex e-con e-child\" data-id=\"39794bb\" data-element_type=\"container\">\n\t\t\t\t<div class=\"elementor-element elementor-element-0ba3087 elementor-widget elementor-widget-heading\" data-id=\"0ba3087\" data-element_type=\"widget\" data-widget_type=\"heading.default\">\n\t\t\t\t\t<h2 class=\"elementor-heading-title elementor-size-default\">Work well-being day by the sea<\/h2>\t\t\t\t<\/div>\n\t\t\t\t<div class=\"elementor-element elementor-element-34f6060 elementor-widget elementor-widget-text-editor\" data-id=\"34f6060\" data-element_type=\"widget\" data-widget_type=\"text-editor.default\">\n\t\t\t\t\t\t\t\t\t<p>Build team spirit and spend a refreshing day by the sea. Hiezu offers an inspiring environment, a delicious lunch or dinner, and spaces for relaxed togetherness and activities. We tailor the programme and catering according to your company\u2019s needs.<\/p>\t\t\t\t\t\t\t\t<\/div>\n\t\t\t\t<div class=\"elementor-element elementor-element-be10338 elementor-widget elementor-widget-button\" data-id=\"be10338\" data-element_type=\"widget\" data-widget_type=\"button.default\">\n\t\t\t\t\t\t\t\t\t\t<a class=\"elementor-button elementor-button-link elementor-size-sm\" href=\"https:\/\/hiezu.fi\/en\/ota-yhteytta\/\">\n\t\t\t\t\t\t<span class=\"elementor-button-content-wrapper\">\n\t\t\t\t\t\t\t\t\t<span class=\"elementor-button-text\">Contact us<\/span>\n\t\t\t\t\t<\/span>\n\t\t\t\t\t<\/a>\n\t\t\t\t\t\t\t\t<\/div>\n\t\t\t\t<\/div>\n\t\t<div class=\"elementor-element elementor-element-d0940bd e-con-full e-flex e-con e-child\" data-id=\"d0940bd\" data-element_type=\"container\">\n\t\t\t\t<div class=\"elementor-element elementor-element-3977cdb elementor-widget elementor-widget-image\" data-id=\"3977cdb\" data-element_type=\"widget\" data-widget_type=\"image.default\">\n\t\t\t\t\t\t\t\t\t\t\t\t\t\t\t<img decoding=\"async\" width=\"800\" height=\"739\" src=\"https:\/\/hiezu.fi\/wp-content\/uploads\/2025\/10\/Tyohyvinvointipaiva.jpg\" class=\"attachment-large size-large wp-image-1529\" alt=\"\" srcset=\"https:\/\/hiezu.fi\/wp-content\/uploads\/2025\/10\/Tyohyvinvointipaiva.jpg 877w, https:\/\/hiezu.fi\/wp-content\/uploads\/2025\/10\/Tyohyvinvointipaiva-300x277.jpg 300w, https:\/\/hiezu.fi\/wp-content\/uploads\/2025\/10\/Tyohyvinvointipaiva-768x709.jpg 768w, https:\/\/hiezu.fi\/wp-content\/uploads\/2025\/10\/Tyohyvinvointipaiva-13x12.jpg 13w\" sizes=\"(max-width: 800px) 100vw, 800px\" \/>\t\t\t\t\t\t\t\t\t\t\t\t\t\t\t<\/div>\n\t\t\t\t<\/div>\n\t\t\t\t\t<\/div>\n\t\t\t\t<\/div>\n\t\t<div class=\"elementor-element elementor-element-0dfa277 e-flex e-con-boxed e-con e-parent\" data-id=\"0dfa277\" data-element_type=\"container\" data-settings=\"{&quot;background_background&quot;:&quot;classic&quot;}\">\n\t\t\t\t\t<div class=\"e-con-inner\">\n\t\t<div class=\"elementor-element elementor-element-ff08643 e-con-full e-flex e-con e-child\" data-id=\"ff08643\" data-element_type=\"container\">\n\t\t\t\t<div class=\"elementor-element elementor-element-8d1c987 elementor-widget elementor-widget-image\" data-id=\"8d1c987\" data-element_type=\"widget\" data-widget_type=\"image.default\">\n\t\t\t\t\t\t\t\t\t\t\t\t\t\t\t<img loading=\"lazy\" decoding=\"async\" width=\"749\" height=\"800\" src=\"https:\/\/hiezu.fi\/wp-content\/uploads\/2025\/10\/Tuote-esittelyt.jpg\" class=\"attachment-large size-large wp-image-1536\" alt=\"\" srcset=\"https:\/\/hiezu.fi\/wp-content\/uploads\/2025\/10\/Tuote-esittelyt.jpg 749w, https:\/\/hiezu.fi\/wp-content\/uploads\/2025\/10\/Tuote-esittelyt-281x300.jpg 281w, https:\/\/hiezu.fi\/wp-content\/uploads\/2025\/10\/Tuote-esittelyt-11x12.jpg 11w\" sizes=\"(max-width: 749px) 100vw, 749px\" \/>\t\t\t\t\t\t\t\t\t\t\t\t\t\t\t<\/div>\n\t\t\t\t<\/div>\n\t\t<div class=\"elementor-element elementor-element-bd8f3a0 e-con-full e-flex e-con e-child\" data-id=\"bd8f3a0\" data-element_type=\"container\">\n\t\t\t\t<div class=\"elementor-element elementor-element-7678d58 elementor-widget elementor-widget-heading\" data-id=\"7678d58\" data-element_type=\"widget\" data-widget_type=\"heading.default\">\n\t\t\t\t\t<h2 class=\"elementor-heading-title elementor-size-default\">Product presentations and press briefings<\/h2>\t\t\t\t<\/div>\n\t\t\t\t<div class=\"elementor-element elementor-element-90f9da3 elementor-widget elementor-widget-text-editor\" data-id=\"90f9da3\" data-element_type=\"widget\" data-widget_type=\"text-editor.default\">\n\t\t\t\t\t\t\t\t\t<p data-start=\"412\" data-end=\"710\">Hiezu also provides the perfect setting for more formal events such as product launches, info sessions, and networking evenings. Our spaces are equipped with presentation technology and can be adapted to suit your needs. Catering, brunch, or cocktails can be added to the event.<\/p>\t\t\t\t\t\t\t\t<\/div>\n\t\t<div class=\"elementor-element elementor-element-da1d2b6 e-con-full e-flex e-con e-child\" data-id=\"da1d2b6\" data-element_type=\"container\">\n\t\t\t\t<div class=\"elementor-element elementor-element-ad2a7bc elementor-widget elementor-widget-button\" data-id=\"ad2a7bc\" data-element_type=\"widget\" data-widget_type=\"button.default\">\n\t\t\t\t\t\t\t\t\t\t<a class=\"elementor-button elementor-button-link elementor-size-sm\" href=\"https:\/\/hiezu.fi\/en\/poytavaraus\/\">\n\t\t\t\t\t\t<span class=\"elementor-button-content-wrapper\">\n\t\t\t\t\t\t\t\t\t<span class=\"elementor-button-text\">Book your event<\/span>\n\t\t\t\t\t<\/span>\n\t\t\t\t\t<\/a>\n\t\t\t\t\t\t\t\t<\/div>\n\t\t\t\t<\/div>\n\t\t\t\t<\/div>\n\t\t\t\t\t<\/div>\n\t\t\t\t<\/div>\n\t\t<div class=\"elementor-element elementor-element-4726634 e-flex e-con-boxed e-con e-parent\" data-id=\"4726634\" data-element_type=\"container\" data-settings=\"{&quot;background_background&quot;:&quot;classic&quot;}\">\n\t\t\t\t\t<div class=\"e-con-inner\">\n\t\t<div class=\"elementor-element elementor-element-02209d6 e-con-full e-flex e-con e-child\" data-id=\"02209d6\" data-element_type=\"container\">\n\t\t\t\t<div class=\"elementor-element elementor-element-308358b elementor-widget elementor-widget-heading\" data-id=\"308358b\" data-element_type=\"widget\" data-widget_type=\"heading.default\">\n\t\t\t\t\t<h2 class=\"elementor-heading-title elementor-size-default\">Contact us<\/h2>\t\t\t\t<\/div>\n\t\t\t\t<div class=\"elementor-element elementor-element-7c65b69 elementor-widget elementor-widget-text-editor\" data-id=\"7c65b69\" data-element_type=\"widget\" data-widget_type=\"text-editor.default\">\n\t\t\t\t\t\t\t\t\tTell us the nature of your event and your wishes, and we will design a package tailored specifically for you.\t\t\t\t\t\t\t\t<\/div>\n\t\t<div class=\"elementor-element elementor-element-25d5ded e-con-full e-flex e-con e-child\" data-id=\"25d5ded\" data-element_type=\"container\">\n\t\t\t\t<div class=\"elementor-element elementor-element-71080c1 elementor-widget elementor-widget-button\" data-id=\"71080c1\" data-element_type=\"widget\" data-widget_type=\"button.default\">\n\t\t\t\t\t\t\t\t\t\t<a class=\"elementor-button elementor-button-link elementor-size-sm\" href=\"https:\/\/hiezu.fi\/en\/ota-yhteytta\/\">\n\t\t\t\t\t\t<span class=\"elementor-button-content-wrapper\">\n\t\t\t\t\t\t\t\t\t<span class=\"elementor-button-text\">Contact us<\/span>\n\t\t\t\t\t<\/span>\n\t\t\t\t\t<\/a>\n\t\t\t\t\t\t\t\t<\/div>\n\t\t\t\t<\/div>\n\t\t\t\t<\/div>\n\t\t\t\t\t<\/div>\n\t\t\t\t<\/div>\n\t\t\t\t<\/div>","protected":false},"excerpt":{"rendered":"<p>Yksityistilaisuudet Hiezussa T\u00e4ydelliset puitteet juhliin ja yritystilaisuuksiin Hiezu Caf\u00e9 &amp; Bistro tarjoaa upeat puitteet erilaisten tilaisuuksien j\u00e4rjest\u00e4miseen aivan merenrannan \u00e4\u00e4rell\u00e4. Tilamme soveltuvat niin pienille kuin suurillekin seurueille \u2013 Merikabinettiin mahtuu noin 30 henkil\u00f6\u00e4 ja isompaan saliin jopa 80. Tiloja voidaan my\u00f6s yhdist\u00e4\u00e4 suurempia tapahtumia varten. Ravintolasta l\u00f6ytyy moderni esitystekniikka, kuten n\u00e4ytt\u00f6, \u00e4\u00e4nentoisto ja mikrofoni. Tarjoilut [&hellip;]<\/p>","protected":false},"author":1,"featured_media":0,"parent":0,"menu_order":0,"comment_status":"closed","ping_status":"closed","template":"","meta":{"footnotes":""},"class_list":["post-288","page","type-page","status-publish","hentry"],"_links":{"self":[{"href":"https:\/\/hiezu.fi\/en\/wp-json\/wp\/v2\/pages\/288","targetHints":{"allow":["GET"]}}],"collection":[{"href":"https:\/\/hiezu.fi\/en\/wp-json\/wp\/v2\/pages"}],"about":[{"href":"https:\/\/hiezu.fi\/en\/wp-json\/wp\/v2\/types\/page"}],"author":[{"embeddable":true,"href":"https:\/\/hiezu.fi\/en\/wp-json\/wp\/v2\/users\/1"}],"replies":[{"embeddable":true,"href":"https:\/\/hiezu.fi\/en\/wp-json\/wp\/v2\/comments?post=288"}],"version-history":[{"count":0,"href":"https:\/\/hiezu.fi\/en\/wp-json\/wp\/v2\/pages\/288\/revisions"}],"wp:attachment":[{"href":"https:\/\/hiezu.fi\/en\/wp-json\/wp\/v2\/media?parent=288"}],"curies":[{"name":"wp","href":"https:\/\/api.w.org\/{rel}","templated":true}]}}